{"id":74790,"date":"2026-01-10T12:22:31","date_gmt":"2026-01-10T11:22:31","guid":{"rendered":"https:\/\/www.antikvariat-vodnik.si\/?post_type=product&#038;p=74790"},"modified":"2026-01-10T12:22:34","modified_gmt":"2026-01-10T11:22:34","slug":"zdravilna-zelisca-prirejeno-po-knjiznici-ivana-kunzleja","status":"publish","type":"product","link":"https:\/\/www.antikvariat-vodnik.si\/?product=zdravilna-zelisca-prirejeno-po-knjiznici-ivana-kunzleja","title":{"rendered":"ZDRAVILNA ZELI\u0160\u010cA, prirejeno po knji\u017enici Ivana Kunzleja"},"content":{"rendered":"<p>64 str., mehka vezava, Katoli\u0161ka bukvarna, 1914<\/p>\n","protected":false},"excerpt":{"rendered":"<p>64 str., mehka vezava, Katoli\u0161ka bukvarna, 1914<\/p>\n","protected":false},"featured_media":74791,"template":"","meta":{"_monsterinsights_skip_tracking":false,"_monsterinsights_sitenote_active":false,"_monsterinsights_sitenote_note":"","_monsterinsights_sitenote_category":0},"product_brand":[],"product_cat":[17,19,16,53,49],"product_tag":[],"class_list":{"0":"post-74790","1":"product","2":"type-product","3":"status-publish","4":"has-post-thumbnail","6":"product_cat-antikvarne-knjige","7":"product_cat-humanistika-druzboslovje","8":"product_cat-katalog-knjig","9":"product_cat-rastline-vrt-zivali","10":"product_cat-zdravje","12":"first","13":"instock","14":"taxable","15":"shipping-taxable","16":"purchasable","17":"product-type-simple"},"jetpack_sharing_enabled":true,"_links":{"self":[{"href":"https:\/\/www.antikvariat-vodnik.si\/index.php?rest_route=\/wp\/v2\/product\/74790","targetHints":{"allow":["GET"]}}],"collection":[{"href":"https:\/\/www.antikvariat-vodnik.si\/index.php?rest_route=\/wp\/v2\/product"}],"about":[{"href":"https:\/\/www.antikvariat-vodnik.si\/index.php?rest_route=\/wp\/v2\/types\/product"}],"wp:featuredmedia":[{"embeddable":true,"href":"https:\/\/www.antikvariat-vodnik.si\/index.php?rest_route=\/wp\/v2\/media\/74791"}],"wp:attachment":[{"href":"https:\/\/www.antikvariat-vodnik.si\/index.php?rest_route=%2Fwp%2Fv2%2Fmedia&parent=74790"}],"wp:term":[{"taxonomy":"product_brand","embeddable":true,"href":"https:\/\/www.antikvariat-vodnik.si\/index.php?rest_route=%2Fwp%2Fv2%2Fproduct_brand&post=74790"},{"taxonomy":"product_cat","embeddable":true,"href":"https:\/\/www.antikvariat-vodnik.si\/index.php?rest_route=%2Fwp%2Fv2%2Fproduct_cat&post=74790"},{"taxonomy":"product_tag","embeddable":true,"href":"https:\/\/www.antikvariat-vodnik.si\/index.php?rest_route=%2Fwp%2Fv2%2Fproduct_tag&post=74790"}],"curies":[{"name":"wp","href":"https:\/\/api.w.org\/{rel}","templated":true}]}}