{"id":73988,"date":"2025-12-09T17:29:32","date_gmt":"2025-12-09T16:29:32","guid":{"rendered":"https:\/\/www.antikvariat-vodnik.si\/?post_type=product&#038;p=73988"},"modified":"2025-12-09T17:29:36","modified_gmt":"2025-12-09T16:29:36","slug":"zacimbe-skrivnosti-najboljsih-kuharjev-vec-avtorjev","status":"publish","type":"product","link":"https:\/\/www.antikvariat-vodnik.si\/?product=zacimbe-skrivnosti-najboljsih-kuharjev-vec-avtorjev","title":{"rendered":"Za\u010dimbe; Skrivnosti najbolj\u0161ih kuharjev, ve\u010d avtorjev"},"content":{"rendered":"<p><em>Za\u010dimbe \u2013 skrivnosti najbolj\u0161ih kuharjev<\/em> \u2013 mnogo re\u0161itev v majhnih \u0161\u010depcih!<\/p>\n<hr \/>\n<p>Za\u010dimbe niso le dodatek \u2013 so <strong>prava \u010darovnija v kuhinji<\/strong>! In prav zato sodi tudi premi\u0161ljena uporaba za\u010dimb med znanja, ki naredijo iz dobrega kuharja <strong>vrhunskega \u0161efa<\/strong>. Dovolite, torej, da vam skrivnosti okusov in pravilnega kombiniranja za\u010dimb pri\u0161epnejo <strong>v\u00e9like mojstrice zdrave in di\u0161e\u010de kuhinje<\/strong>. Naj tudi va\u0161e jedi dobijo tisto najpomembnej\u0161o piko na i, ki bi si zaslu\u017eila vse Michelinove zvezdice.<\/p>\n<hr \/>\n<p>V rokah imate <strong>izjemno uporaben priro\u010dnik<\/strong>. Vsebuje velikokrat preverjene recepture, ki slonijo na dolgoletnih izku\u0161njah s prakti\u010dnih delavnic in seminarjev za\u010dimbnih poznavalk Sanje, Marije in Sabine. Na teh straneh so zapisale vse tisto, kar so v drugih kuharskih knjigah pogre\u0161ale.<\/p>\n<hr \/>\n<p><strong>Zdrava prehrana<\/strong> pogosto pomeni manj sladkorja, ma\u0161\u010dob in soli, za\u010dimbe pa so tiste, ki jedem kljub temu podarijo neprekosljiv pe\u010dat. So <strong>nedvoumen dokaz, da je zdravo lahko ne le dobro, temve\u010d \u2013 odli\u010dno<\/strong>! In zmorejo popraviti tudi kak\u0161en spodrsljaj v kuhinji \u2026<\/p>\n<hr \/>\n<p>Seveda vam ni treba verjeti na besedo \u2013 preprosto preizkusite! <strong>Pobo\u017eajte z za\u010dimbami svoje brbon\u010dice<\/strong> in prisluhnite odzivu telesa, ki nikoli ne la\u017ee. <strong>Dobrodo\u0161li v di\u0161e\u010dem svetu za\u010dimb!<\/strong><\/p>\n","protected":false},"excerpt":{"rendered":"<p>Za\u010dimbe \u2013 skrivnosti najbolj\u0161ih kuharjev \u2013 mnogo re\u0161itev v majhnih \u0161\u010depcih! Za\u010dimbe niso le dodatek \u2013 so prava \u010darovnija v kuhinji! In prav zato sodi tudi premi\u0161ljena uporaba za\u010dimb med znanja, ki naredijo iz dobrega kuharja vrhunskega \u0161efa. Dovolite, torej, da vam skrivnosti okusov in pravilnega kombiniranja za\u010dimb pri\u0161epnejo v\u00e9like mojstrice zdrave in di\u0161e\u010de kuhinje. [&hellip;]<\/p>\n","protected":false},"featured_media":73989,"template":"","meta":{"_monsterinsights_skip_tracking":false,"_monsterinsights_sitenote_active":false,"_monsterinsights_sitenote_note":"","_monsterinsights_sitenote_category":0},"product_brand":[],"product_cat":[17,16,18,41],"product_tag":[],"class_list":{"0":"post-73988","1":"product","2":"type-product","3":"status-publish","4":"has-post-thumbnail","6":"product_cat-antikvarne-knjige","7":"product_cat-katalog-knjig","8":"product_cat-nove-knjige","9":"product_cat-zdravje-kulinarika","11":"first","12":"instock","13":"taxable","14":"shipping-taxable","15":"purchasable","16":"product-type-simple"},"jetpack_sharing_enabled":true,"_links":{"self":[{"href":"https:\/\/www.antikvariat-vodnik.si\/index.php?rest_route=\/wp\/v2\/product\/73988","targetHints":{"allow":["GET"]}}],"collection":[{"href":"https:\/\/www.antikvariat-vodnik.si\/index.php?rest_route=\/wp\/v2\/product"}],"about":[{"href":"https:\/\/www.antikvariat-vodnik.si\/index.php?rest_route=\/wp\/v2\/types\/product"}],"wp:featuredmedia":[{"embeddable":true,"href":"https:\/\/www.antikvariat-vodnik.si\/index.php?rest_route=\/wp\/v2\/media\/73989"}],"wp:attachment":[{"href":"https:\/\/www.antikvariat-vodnik.si\/index.php?rest_route=%2Fwp%2Fv2%2Fmedia&parent=73988"}],"wp:term":[{"taxonomy":"product_brand","embeddable":true,"href":"https:\/\/www.antikvariat-vodnik.si\/index.php?rest_route=%2Fwp%2Fv2%2Fproduct_brand&post=73988"},{"taxonomy":"product_cat","embeddable":true,"href":"https:\/\/www.antikvariat-vodnik.si\/index.php?rest_route=%2Fwp%2Fv2%2Fproduct_cat&post=73988"},{"taxonomy":"product_tag","embeddable":true,"href":"https:\/\/www.antikvariat-vodnik.si\/index.php?rest_route=%2Fwp%2Fv2%2Fproduct_tag&post=73988"}],"curies":[{"name":"wp","href":"https:\/\/api.w.org\/{rel}","templated":true}]}}