{"id":73887,"date":"2025-12-05T17:16:50","date_gmt":"2025-12-05T16:16:50","guid":{"rendered":"https:\/\/www.antikvariat-vodnik.si\/?post_type=product&#038;p=73887"},"modified":"2025-12-05T17:16:54","modified_gmt":"2025-12-05T16:16:54","slug":"na-mnoga-srecna-leta-zbirka-voscil-za-vse-priloznosti","status":"publish","type":"product","link":"https:\/\/www.antikvariat-vodnik.si\/?product=na-mnoga-srecna-leta-zbirka-voscil-za-vse-priloznosti","title":{"rendered":"NA MNOGA SRE\u010cNA LETA; ZBIRKA VO\u0160\u010cIL ZA VSE PRILO\u017dNOSTI"},"content":{"rendered":"<p>116 str., trda vezava, 23 cm, Harlekin, 2001, lepo ohranjena.<\/p>\n","protected":false},"excerpt":{"rendered":"<p>116 str., trda vezava, 23 cm, Harlekin, 2001, lepo ohranjena.<\/p>\n","protected":false},"featured_media":73888,"template":"","meta":{"_monsterinsights_skip_tracking":false,"_monsterinsights_sitenote_active":false,"_monsterinsights_sitenote_note":"","_monsterinsights_sitenote_category":0},"product_brand":[],"product_cat":[17,90,16,51,26],"product_tag":[],"class_list":{"0":"post-73887","1":"product","2":"type-product","3":"status-publish","4":"has-post-thumbnail","6":"product_cat-antikvarne-knjige","7":"product_cat-druzina-starsevstvo-vzgoja","8":"product_cat-katalog-knjig","9":"product_cat-popularna-psihologija-ezoterika","10":"product_cat-prirocniki-uporabne-vede-duhovnost","12":"first","13":"instock","14":"taxable","15":"shipping-taxable","16":"purchasable","17":"product-type-simple"},"jetpack_sharing_enabled":true,"_links":{"self":[{"href":"https:\/\/www.antikvariat-vodnik.si\/index.php?rest_route=\/wp\/v2\/product\/73887","targetHints":{"allow":["GET"]}}],"collection":[{"href":"https:\/\/www.antikvariat-vodnik.si\/index.php?rest_route=\/wp\/v2\/product"}],"about":[{"href":"https:\/\/www.antikvariat-vodnik.si\/index.php?rest_route=\/wp\/v2\/types\/product"}],"wp:featuredmedia":[{"embeddable":true,"href":"https:\/\/www.antikvariat-vodnik.si\/index.php?rest_route=\/wp\/v2\/media\/73888"}],"wp:attachment":[{"href":"https:\/\/www.antikvariat-vodnik.si\/index.php?rest_route=%2Fwp%2Fv2%2Fmedia&parent=73887"}],"wp:term":[{"taxonomy":"product_brand","embeddable":true,"href":"https:\/\/www.antikvariat-vodnik.si\/index.php?rest_route=%2Fwp%2Fv2%2Fproduct_brand&post=73887"},{"taxonomy":"product_cat","embeddable":true,"href":"https:\/\/www.antikvariat-vodnik.si\/index.php?rest_route=%2Fwp%2Fv2%2Fproduct_cat&post=73887"},{"taxonomy":"product_tag","embeddable":true,"href":"https:\/\/www.antikvariat-vodnik.si\/index.php?rest_route=%2Fwp%2Fv2%2Fproduct_tag&post=73887"}],"curies":[{"name":"wp","href":"https:\/\/api.w.org\/{rel}","templated":true}]}}