{"id":73763,"date":"2025-12-03T17:04:16","date_gmt":"2025-12-03T16:04:16","guid":{"rendered":"https:\/\/www.antikvariat-vodnik.si\/?post_type=product&#038;p=73763"},"modified":"2025-12-03T17:04:20","modified_gmt":"2025-12-03T16:04:20","slug":"hipnoza-v-prakticnem-zivljenju-bozidar-grilc","status":"publish","type":"product","link":"https:\/\/www.antikvariat-vodnik.si\/?product=hipnoza-v-prakticnem-zivljenju-bozidar-grilc","title":{"rendered":"HIPNOZA V PRAKTI\u010cNEM \u017dIVLJENJU, Bo\u017eidar Grilc"},"content":{"rendered":"<p>128 str., mehka vezava, 25 cm, samozal., 2017, lepo ohranjena.<\/p>\n","protected":false},"excerpt":{"rendered":"<p>128 str., mehka vezava, 25 cm, samozal., 2017, lepo ohranjena.<\/p>\n","protected":false},"featured_media":73764,"template":"","meta":{"_monsterinsights_skip_tracking":false,"_monsterinsights_sitenote_active":false,"_monsterinsights_sitenote_note":"","_monsterinsights_sitenote_category":0},"product_brand":[],"product_cat":[17,16,51,26],"product_tag":[],"class_list":{"0":"post-73763","1":"product","2":"type-product","3":"status-publish","4":"has-post-thumbnail","6":"product_cat-antikvarne-knjige","7":"product_cat-katalog-knjig","8":"product_cat-popularna-psihologija-ezoterika","9":"product_cat-prirocniki-uporabne-vede-duhovnost","11":"first","12":"instock","13":"taxable","14":"shipping-taxable","15":"purchasable","16":"product-type-simple"},"jetpack_sharing_enabled":true,"_links":{"self":[{"href":"https:\/\/www.antikvariat-vodnik.si\/index.php?rest_route=\/wp\/v2\/product\/73763","targetHints":{"allow":["GET"]}}],"collection":[{"href":"https:\/\/www.antikvariat-vodnik.si\/index.php?rest_route=\/wp\/v2\/product"}],"about":[{"href":"https:\/\/www.antikvariat-vodnik.si\/index.php?rest_route=\/wp\/v2\/types\/product"}],"wp:featuredmedia":[{"embeddable":true,"href":"https:\/\/www.antikvariat-vodnik.si\/index.php?rest_route=\/wp\/v2\/media\/73764"}],"wp:attachment":[{"href":"https:\/\/www.antikvariat-vodnik.si\/index.php?rest_route=%2Fwp%2Fv2%2Fmedia&parent=73763"}],"wp:term":[{"taxonomy":"product_brand","embeddable":true,"href":"https:\/\/www.antikvariat-vodnik.si\/index.php?rest_route=%2Fwp%2Fv2%2Fproduct_brand&post=73763"},{"taxonomy":"product_cat","embeddable":true,"href":"https:\/\/www.antikvariat-vodnik.si\/index.php?rest_route=%2Fwp%2Fv2%2Fproduct_cat&post=73763"},{"taxonomy":"product_tag","embeddable":true,"href":"https:\/\/www.antikvariat-vodnik.si\/index.php?rest_route=%2Fwp%2Fv2%2Fproduct_tag&post=73763"}],"curies":[{"name":"wp","href":"https:\/\/api.w.org\/{rel}","templated":true}]}}