{"id":72656,"date":"2025-11-05T11:11:28","date_gmt":"2025-11-05T10:11:28","guid":{"rendered":"https:\/\/www.antikvariat-vodnik.si\/?post_type=product&#038;p=72656"},"modified":"2025-11-05T11:11:31","modified_gmt":"2025-11-05T10:11:31","slug":"izvor-cloveka-joze-hlebs","status":"publish","type":"product","link":"https:\/\/www.antikvariat-vodnik.si\/?product=izvor-cloveka-joze-hlebs","title":{"rendered":"IZVOR \u010cLOVEKA, Jo\u017ee Hleb\u0161"},"content":{"rendered":"<p>272 str., trda vezava, 21.5 cm, In\u0161titut Antona Trstenjaka, 1996, lepo ohranjena.<\/p>\n","protected":false},"excerpt":{"rendered":"<p>272 str., trda vezava, 21.5 cm, In\u0161titut Antona Trstenjaka, 1996, lepo ohranjena.<\/p>\n","protected":false},"featured_media":72657,"template":"","meta":{"_monsterinsights_skip_tracking":false,"_monsterinsights_sitenote_active":false,"_monsterinsights_sitenote_note":"","_monsterinsights_sitenote_category":0},"product_brand":[],"product_cat":[17,88,19,16],"product_tag":[],"class_list":{"0":"post-72656","1":"product","2":"type-product","3":"status-publish","4":"has-post-thumbnail","6":"product_cat-antikvarne-knjige","7":"product_cat-filozofija-psihologija-sociologija","8":"product_cat-humanistika-druzboslovje","9":"product_cat-katalog-knjig","11":"first","12":"instock","13":"taxable","14":"shipping-taxable","15":"purchasable","16":"product-type-simple"},"jetpack_sharing_enabled":true,"_links":{"self":[{"href":"https:\/\/www.antikvariat-vodnik.si\/index.php?rest_route=\/wp\/v2\/product\/72656","targetHints":{"allow":["GET"]}}],"collection":[{"href":"https:\/\/www.antikvariat-vodnik.si\/index.php?rest_route=\/wp\/v2\/product"}],"about":[{"href":"https:\/\/www.antikvariat-vodnik.si\/index.php?rest_route=\/wp\/v2\/types\/product"}],"wp:featuredmedia":[{"embeddable":true,"href":"https:\/\/www.antikvariat-vodnik.si\/index.php?rest_route=\/wp\/v2\/media\/72657"}],"wp:attachment":[{"href":"https:\/\/www.antikvariat-vodnik.si\/index.php?rest_route=%2Fwp%2Fv2%2Fmedia&parent=72656"}],"wp:term":[{"taxonomy":"product_brand","embeddable":true,"href":"https:\/\/www.antikvariat-vodnik.si\/index.php?rest_route=%2Fwp%2Fv2%2Fproduct_brand&post=72656"},{"taxonomy":"product_cat","embeddable":true,"href":"https:\/\/www.antikvariat-vodnik.si\/index.php?rest_route=%2Fwp%2Fv2%2Fproduct_cat&post=72656"},{"taxonomy":"product_tag","embeddable":true,"href":"https:\/\/www.antikvariat-vodnik.si\/index.php?rest_route=%2Fwp%2Fv2%2Fproduct_tag&post=72656"}],"curies":[{"name":"wp","href":"https:\/\/api.w.org\/{rel}","templated":true}]}}