{"id":72451,"date":"2025-10-29T11:37:17","date_gmt":"2025-10-29T10:37:17","guid":{"rendered":"https:\/\/www.antikvariat-vodnik.si\/?post_type=product&#038;p=72451"},"modified":"2025-10-29T11:37:20","modified_gmt":"2025-10-29T10:37:20","slug":"locnice-azijskih-filozofov-cedomil-veljacic","status":"publish","type":"product","link":"https:\/\/www.antikvariat-vodnik.si\/?product=locnice-azijskih-filozofov-cedomil-veljacic","title":{"rendered":"LO\u010cNICE AZIJSKIH FILOZOFOV, \u010cedomil Velja\u010di\u0107"},"content":{"rendered":"<p>408 str., trda vezava, 23.5 cm, CZ, 1992, lepo ohranjena.<\/p>\n","protected":false},"excerpt":{"rendered":"<p>408 str., trda vezava, 23.5 cm, CZ, 1992, lepo ohranjena.<\/p>\n","protected":false},"featured_media":72452,"template":"","meta":{"_monsterinsights_skip_tracking":false,"_monsterinsights_sitenote_active":false,"_monsterinsights_sitenote_note":"","_monsterinsights_sitenote_category":0},"product_brand":[],"product_cat":[17,88,19,16],"product_tag":[],"class_list":{"0":"post-72451","1":"product","2":"type-product","3":"status-publish","4":"has-post-thumbnail","6":"product_cat-antikvarne-knjige","7":"product_cat-filozofija-psihologija-sociologija","8":"product_cat-humanistika-druzboslovje","9":"product_cat-katalog-knjig","11":"first","12":"instock","13":"taxable","14":"shipping-taxable","15":"purchasable","16":"product-type-simple"},"jetpack_sharing_enabled":true,"_links":{"self":[{"href":"https:\/\/www.antikvariat-vodnik.si\/index.php?rest_route=\/wp\/v2\/product\/72451","targetHints":{"allow":["GET"]}}],"collection":[{"href":"https:\/\/www.antikvariat-vodnik.si\/index.php?rest_route=\/wp\/v2\/product"}],"about":[{"href":"https:\/\/www.antikvariat-vodnik.si\/index.php?rest_route=\/wp\/v2\/types\/product"}],"wp:featuredmedia":[{"embeddable":true,"href":"https:\/\/www.antikvariat-vodnik.si\/index.php?rest_route=\/wp\/v2\/media\/72452"}],"wp:attachment":[{"href":"https:\/\/www.antikvariat-vodnik.si\/index.php?rest_route=%2Fwp%2Fv2%2Fmedia&parent=72451"}],"wp:term":[{"taxonomy":"product_brand","embeddable":true,"href":"https:\/\/www.antikvariat-vodnik.si\/index.php?rest_route=%2Fwp%2Fv2%2Fproduct_brand&post=72451"},{"taxonomy":"product_cat","embeddable":true,"href":"https:\/\/www.antikvariat-vodnik.si\/index.php?rest_route=%2Fwp%2Fv2%2Fproduct_cat&post=72451"},{"taxonomy":"product_tag","embeddable":true,"href":"https:\/\/www.antikvariat-vodnik.si\/index.php?rest_route=%2Fwp%2Fv2%2Fproduct_tag&post=72451"}],"curies":[{"name":"wp","href":"https:\/\/api.w.org\/{rel}","templated":true}]}}