{"id":70581,"date":"2025-09-16T13:37:30","date_gmt":"2025-09-16T11:37:30","guid":{"rendered":"https:\/\/www.antikvariat-vodnik.si\/?post_type=product&#038;p=70581"},"modified":"2025-12-02T23:05:23","modified_gmt":"2025-12-02T22:05:23","slug":"drakula-bram-stoker","status":"publish","type":"product","link":"https:\/\/www.antikvariat-vodnik.si\/?product=drakula-bram-stoker","title":{"rendered":"Drakula, Bram Stoker"},"content":{"rendered":"<p>Drakula tudi po ve\u010d kot 110. letih ostaja ne zgolj klasika gotskega romana, ampak hkrati klju\u010dno delo t.i. vampirske literature, ki je izoblikovalo model klasi\u010dnega vampirja kot ga poznamo danes.<\/p>\n<p><strong>Najslavnej\u0161i vampir vseh \u010dasov<\/strong><\/p>\n<p>Roman Drakula je zasnovan na podlagi mitov in legend iz romunske Transilvanije ter \u017eivljenjskih zgodb okrutnega vla\u0161kega kneza Vlada Tepesa oz. Vlada Drakule in mad\u017earske \u201cvampirske\u201d serijske morilke Elizabeth Bathory. Sestavljen je iz dnevni\u0161kih zapiskov, pisem in \u010dasopisnih \u010dlankov in predstavi klasi\u010dni konflikt med dobrim in zlim.<\/p>\n<p><strong>Zgodba, ki je navdahnila ne\u0161teto filmskih interpretacij<\/strong><\/p>\n<p>Mladi odvetnik Johnathan Harker, ki je tik pred poroko s prelepo Mino, se odpravi v transilvansko hribovje na grad skrivnostnega grofa Drakule, ki bi rad kupil hi\u0161o v bli\u017eini Londona. Ko Harker ugotovi, da je Drakula v resnici krvolo\u010dni vampir, uspe pravo\u010dasno pobegniti, toda grof mu sledi v Anglijo in vr\u017ee o\u010di na Mino. Ko se za\u010dnejo vrstiti okrutni zlo\u010dini in Mina pade pod mo\u010dan grofov vpliv, Harker za pomo\u010d proti zlu zaprosi Van Helsinga, legendarnega lovca na vampirje.<\/p>\n","protected":false},"excerpt":{"rendered":"<p>Drakula tudi po ve\u010d kot 110. letih ostaja ne zgolj klasika gotskega romana, ampak hkrati klju\u010dno delo t.i. vampirske literature, ki je izoblikovalo model klasi\u010dnega vampirja kot ga poznamo danes. Najslavnej\u0161i vampir vseh \u010dasov Roman Drakula je zasnovan na podlagi mitov in legend iz romunske Transilvanije ter \u017eivljenjskih zgodb okrutnega vla\u0161kega kneza Vlada Tepesa oz. [&hellip;]<\/p>\n","protected":false},"featured_media":70582,"template":"","meta":{"_monsterinsights_skip_tracking":false,"_monsterinsights_sitenote_active":false,"_monsterinsights_sitenote_note":"","_monsterinsights_sitenote_category":0},"product_brand":[],"product_cat":[16,36,18],"product_tag":[],"class_list":{"0":"post-70581","1":"product","2":"type-product","3":"status-publish","4":"has-post-thumbnail","6":"product_cat-katalog-knjig","7":"product_cat-leposlovje-nove-knjige","8":"product_cat-nove-knjige","10":"first","11":"instock","12":"taxable","13":"shipping-taxable","14":"purchasable","15":"product-type-simple"},"jetpack_sharing_enabled":true,"_links":{"self":[{"href":"https:\/\/www.antikvariat-vodnik.si\/index.php?rest_route=\/wp\/v2\/product\/70581","targetHints":{"allow":["GET"]}}],"collection":[{"href":"https:\/\/www.antikvariat-vodnik.si\/index.php?rest_route=\/wp\/v2\/product"}],"about":[{"href":"https:\/\/www.antikvariat-vodnik.si\/index.php?rest_route=\/wp\/v2\/types\/product"}],"wp:featuredmedia":[{"embeddable":true,"href":"https:\/\/www.antikvariat-vodnik.si\/index.php?rest_route=\/wp\/v2\/media\/70582"}],"wp:attachment":[{"href":"https:\/\/www.antikvariat-vodnik.si\/index.php?rest_route=%2Fwp%2Fv2%2Fmedia&parent=70581"}],"wp:term":[{"taxonomy":"product_brand","embeddable":true,"href":"https:\/\/www.antikvariat-vodnik.si\/index.php?rest_route=%2Fwp%2Fv2%2Fproduct_brand&post=70581"},{"taxonomy":"product_cat","embeddable":true,"href":"https:\/\/www.antikvariat-vodnik.si\/index.php?rest_route=%2Fwp%2Fv2%2Fproduct_cat&post=70581"},{"taxonomy":"product_tag","embeddable":true,"href":"https:\/\/www.antikvariat-vodnik.si\/index.php?rest_route=%2Fwp%2Fv2%2Fproduct_tag&post=70581"}],"curies":[{"name":"wp","href":"https:\/\/api.w.org\/{rel}","templated":true}]}}