{"id":70366,"date":"2025-09-02T18:41:44","date_gmt":"2025-09-02T16:41:44","guid":{"rendered":"https:\/\/www.antikvariat-vodnik.si\/?post_type=product&#038;p=70366"},"modified":"2025-09-02T18:41:47","modified_gmt":"2025-09-02T16:41:47","slug":"silvije-kranjcevic-izabrane-pjesme","status":"publish","type":"product","link":"https:\/\/www.antikvariat-vodnik.si\/?product=silvije-kranjcevic-izabrane-pjesme","title":{"rendered":"SILVIJE KRANJ\u010cEVI\u0106 &#8211; IZABRANE PJESME"},"content":{"rendered":"<p>Srbohrva\u0161\u010dina. 224 str., trda vezava, 28 cm, JK, 1949, lepo ohranjena.<\/p>\n","protected":false},"excerpt":{"rendered":"<p>Srbohrva\u0161\u010dina. 224 str., trda vezava, 28 cm, JK, 1949, lepo ohranjena.<\/p>\n","protected":false},"featured_media":70367,"template":"","meta":{"_monsterinsights_skip_tracking":false,"_monsterinsights_sitenote_active":false,"_monsterinsights_sitenote_note":"","_monsterinsights_sitenote_category":0},"product_brand":[],"product_cat":[17,16,28,27,66,75],"product_tag":[],"class_list":{"0":"post-70366","1":"product","2":"type-product","3":"status-publish","4":"has-post-thumbnail","6":"product_cat-antikvarne-knjige","7":"product_cat-katalog-knjig","8":"product_cat-knjige-v-tujih-jezikih","9":"product_cat-leposlovje","10":"product_cat-poezija","11":"product_cat-srbski-hrvaski-jezik","13":"first","14":"instock","15":"taxable","16":"shipping-taxable","17":"purchasable","18":"product-type-simple"},"jetpack_sharing_enabled":true,"_links":{"self":[{"href":"https:\/\/www.antikvariat-vodnik.si\/index.php?rest_route=\/wp\/v2\/product\/70366","targetHints":{"allow":["GET"]}}],"collection":[{"href":"https:\/\/www.antikvariat-vodnik.si\/index.php?rest_route=\/wp\/v2\/product"}],"about":[{"href":"https:\/\/www.antikvariat-vodnik.si\/index.php?rest_route=\/wp\/v2\/types\/product"}],"wp:featuredmedia":[{"embeddable":true,"href":"https:\/\/www.antikvariat-vodnik.si\/index.php?rest_route=\/wp\/v2\/media\/70367"}],"wp:attachment":[{"href":"https:\/\/www.antikvariat-vodnik.si\/index.php?rest_route=%2Fwp%2Fv2%2Fmedia&parent=70366"}],"wp:term":[{"taxonomy":"product_brand","embeddable":true,"href":"https:\/\/www.antikvariat-vodnik.si\/index.php?rest_route=%2Fwp%2Fv2%2Fproduct_brand&post=70366"},{"taxonomy":"product_cat","embeddable":true,"href":"https:\/\/www.antikvariat-vodnik.si\/index.php?rest_route=%2Fwp%2Fv2%2Fproduct_cat&post=70366"},{"taxonomy":"product_tag","embeddable":true,"href":"https:\/\/www.antikvariat-vodnik.si\/index.php?rest_route=%2Fwp%2Fv2%2Fproduct_tag&post=70366"}],"curies":[{"name":"wp","href":"https:\/\/api.w.org\/{rel}","templated":true}]}}