{"id":70155,"date":"2025-08-30T12:29:25","date_gmt":"2025-08-30T10:29:25","guid":{"rendered":"https:\/\/www.antikvariat-vodnik.si\/?post_type=product&#038;p=70155"},"modified":"2025-08-30T12:29:28","modified_gmt":"2025-08-30T10:29:28","slug":"v-senci-neboticnikov-pavel-breznik","status":"publish","type":"product","link":"https:\/\/www.antikvariat-vodnik.si\/?product=v-senci-neboticnikov-pavel-breznik","title":{"rendered":"V SENCI NEBOTI\u010cNIKOV, Pavel Bre\u017enik"},"content":{"rendered":"<p>120 str., trda vezava, 20,5 cm, Vodnikova dru\u017eba v Ljubljani, 1930, dobro ohranjena<\/p>\n","protected":false},"excerpt":{"rendered":"<p>120 str., trda vezava, 20,5 cm, Vodnikova dru\u017eba v Ljubljani, 1930, dobro ohranjena<\/p>\n","protected":false},"featured_media":70156,"template":"","meta":{"_monsterinsights_skip_tracking":false,"_monsterinsights_sitenote_active":false,"_monsterinsights_sitenote_note":"","_monsterinsights_sitenote_category":0},"product_brand":[],"product_cat":[17,61,19,16,119,24],"product_tag":[],"class_list":{"0":"post-70155","1":"product","2":"type-product","3":"status-publish","4":"has-post-thumbnail","6":"product_cat-antikvarne-knjige","7":"product_cat-arhitektura-urbanizem","8":"product_cat-humanistika-druzboslovje","9":"product_cat-katalog-knjig","10":"product_cat-knjige-za-otroke","11":"product_cat-umetnost","13":"first","14":"instock","15":"taxable","16":"shipping-taxable","17":"purchasable","18":"product-type-simple"},"jetpack_sharing_enabled":true,"_links":{"self":[{"href":"https:\/\/www.antikvariat-vodnik.si\/index.php?rest_route=\/wp\/v2\/product\/70155","targetHints":{"allow":["GET"]}}],"collection":[{"href":"https:\/\/www.antikvariat-vodnik.si\/index.php?rest_route=\/wp\/v2\/product"}],"about":[{"href":"https:\/\/www.antikvariat-vodnik.si\/index.php?rest_route=\/wp\/v2\/types\/product"}],"wp:featuredmedia":[{"embeddable":true,"href":"https:\/\/www.antikvariat-vodnik.si\/index.php?rest_route=\/wp\/v2\/media\/70156"}],"wp:attachment":[{"href":"https:\/\/www.antikvariat-vodnik.si\/index.php?rest_route=%2Fwp%2Fv2%2Fmedia&parent=70155"}],"wp:term":[{"taxonomy":"product_brand","embeddable":true,"href":"https:\/\/www.antikvariat-vodnik.si\/index.php?rest_route=%2Fwp%2Fv2%2Fproduct_brand&post=70155"},{"taxonomy":"product_cat","embeddable":true,"href":"https:\/\/www.antikvariat-vodnik.si\/index.php?rest_route=%2Fwp%2Fv2%2Fproduct_cat&post=70155"},{"taxonomy":"product_tag","embeddable":true,"href":"https:\/\/www.antikvariat-vodnik.si\/index.php?rest_route=%2Fwp%2Fv2%2Fproduct_tag&post=70155"}],"curies":[{"name":"wp","href":"https:\/\/api.w.org\/{rel}","templated":true}]}}