{"id":70137,"date":"2025-08-30T11:51:26","date_gmt":"2025-08-30T09:51:26","guid":{"rendered":"https:\/\/www.antikvariat-vodnik.si\/?post_type=product&#038;p=70137"},"modified":"2025-08-30T11:51:30","modified_gmt":"2025-08-30T09:51:30","slug":"turjak-skozi-cas-polona-sega","status":"publish","type":"product","link":"https:\/\/www.antikvariat-vodnik.si\/?product=turjak-skozi-cas-polona-sega","title":{"rendered":"TURJAK SKOZI \u010cAS, Polona \u0160ega"},"content":{"rendered":"<p>56 str., mehka vezava, 21 cm, Turisti\u010dno dru\u0161tvo Turjak, 1990, lepo ohranjeno<\/p>\n","protected":false},"excerpt":{"rendered":"<p>56 str., mehka vezava, 21 cm, Turisti\u010dno dru\u0161tvo Turjak, 1990, lepo ohranjeno<\/p>\n","protected":false},"featured_media":70138,"template":"","meta":{"_monsterinsights_skip_tracking":false,"_monsterinsights_sitenote_active":false,"_monsterinsights_sitenote_note":"","_monsterinsights_sitenote_category":0},"product_brand":[],"product_cat":[19,16,43],"product_tag":[],"class_list":{"0":"post-70137","1":"product","2":"type-product","3":"status-publish","4":"has-post-thumbnail","6":"product_cat-humanistika-druzboslovje","7":"product_cat-katalog-knjig","8":"product_cat-zgodovina-domoznanstvo","10":"first","11":"instock","12":"taxable","13":"shipping-taxable","14":"purchasable","15":"product-type-simple"},"jetpack_sharing_enabled":true,"_links":{"self":[{"href":"https:\/\/www.antikvariat-vodnik.si\/index.php?rest_route=\/wp\/v2\/product\/70137","targetHints":{"allow":["GET"]}}],"collection":[{"href":"https:\/\/www.antikvariat-vodnik.si\/index.php?rest_route=\/wp\/v2\/product"}],"about":[{"href":"https:\/\/www.antikvariat-vodnik.si\/index.php?rest_route=\/wp\/v2\/types\/product"}],"wp:featuredmedia":[{"embeddable":true,"href":"https:\/\/www.antikvariat-vodnik.si\/index.php?rest_route=\/wp\/v2\/media\/70138"}],"wp:attachment":[{"href":"https:\/\/www.antikvariat-vodnik.si\/index.php?rest_route=%2Fwp%2Fv2%2Fmedia&parent=70137"}],"wp:term":[{"taxonomy":"product_brand","embeddable":true,"href":"https:\/\/www.antikvariat-vodnik.si\/index.php?rest_route=%2Fwp%2Fv2%2Fproduct_brand&post=70137"},{"taxonomy":"product_cat","embeddable":true,"href":"https:\/\/www.antikvariat-vodnik.si\/index.php?rest_route=%2Fwp%2Fv2%2Fproduct_cat&post=70137"},{"taxonomy":"product_tag","embeddable":true,"href":"https:\/\/www.antikvariat-vodnik.si\/index.php?rest_route=%2Fwp%2Fv2%2Fproduct_tag&post=70137"}],"curies":[{"name":"wp","href":"https:\/\/api.w.org\/{rel}","templated":true}]}}