{"id":70066,"date":"2025-08-28T18:16:44","date_gmt":"2025-08-28T16:16:44","guid":{"rendered":"https:\/\/www.antikvariat-vodnik.si\/?post_type=product&#038;p=70066"},"modified":"2025-08-28T18:16:47","modified_gmt":"2025-08-28T16:16:47","slug":"v-iskanju-svobode-dozivetja-leto-trajajocega-poletja-ales-skerbinek","status":"publish","type":"product","link":"https:\/\/www.antikvariat-vodnik.si\/?product=v-iskanju-svobode-dozivetja-leto-trajajocega-poletja-ales-skerbinek","title":{"rendered":"V ISKANJU SVOBODE; DO\u017dIVETJA LETO TRAJAJO\u010cEGA POLETJA, Ale\u0161 \u0160kerbinek"},"content":{"rendered":"<p>212 str., trda vezava,\u00a0 23.5 cm, Infimum, 2018, kot nova.<\/p>\n","protected":false},"excerpt":{"rendered":"<p>212 str., trda vezava,\u00a0 23.5 cm, Infimum, 2018, kot nova.<\/p>\n","protected":false},"featured_media":70067,"template":"","meta":{"_monsterinsights_skip_tracking":false,"_monsterinsights_sitenote_active":false,"_monsterinsights_sitenote_note":"","_monsterinsights_sitenote_category":0},"product_brand":[],"product_cat":[17,16,26,55],"product_tag":[],"class_list":{"0":"post-70066","1":"product","2":"type-product","3":"status-publish","4":"has-post-thumbnail","6":"product_cat-antikvarne-knjige","7":"product_cat-katalog-knjig","8":"product_cat-prirocniki-uporabne-vede-duhovnost","9":"product_cat-turizem-gornistvo-alpinizem","11":"first","12":"instock","13":"taxable","14":"shipping-taxable","15":"purchasable","16":"product-type-simple"},"jetpack_sharing_enabled":true,"_links":{"self":[{"href":"https:\/\/www.antikvariat-vodnik.si\/index.php?rest_route=\/wp\/v2\/product\/70066","targetHints":{"allow":["GET"]}}],"collection":[{"href":"https:\/\/www.antikvariat-vodnik.si\/index.php?rest_route=\/wp\/v2\/product"}],"about":[{"href":"https:\/\/www.antikvariat-vodnik.si\/index.php?rest_route=\/wp\/v2\/types\/product"}],"wp:featuredmedia":[{"embeddable":true,"href":"https:\/\/www.antikvariat-vodnik.si\/index.php?rest_route=\/wp\/v2\/media\/70067"}],"wp:attachment":[{"href":"https:\/\/www.antikvariat-vodnik.si\/index.php?rest_route=%2Fwp%2Fv2%2Fmedia&parent=70066"}],"wp:term":[{"taxonomy":"product_brand","embeddable":true,"href":"https:\/\/www.antikvariat-vodnik.si\/index.php?rest_route=%2Fwp%2Fv2%2Fproduct_brand&post=70066"},{"taxonomy":"product_cat","embeddable":true,"href":"https:\/\/www.antikvariat-vodnik.si\/index.php?rest_route=%2Fwp%2Fv2%2Fproduct_cat&post=70066"},{"taxonomy":"product_tag","embeddable":true,"href":"https:\/\/www.antikvariat-vodnik.si\/index.php?rest_route=%2Fwp%2Fv2%2Fproduct_tag&post=70066"}],"curies":[{"name":"wp","href":"https:\/\/api.w.org\/{rel}","templated":true}]}}