{"id":69516,"date":"2025-08-13T18:07:17","date_gmt":"2025-08-13T16:07:17","guid":{"rendered":"https:\/\/www.antikvariat-vodnik.si\/?post_type=product&#038;p=69516"},"modified":"2025-08-13T18:07:20","modified_gmt":"2025-08-13T16:07:20","slug":"iscem-pesem-pa-sem-v-njej-izbrane-pesmi-pesniskih-turnirjev","status":"publish","type":"product","link":"https:\/\/www.antikvariat-vodnik.si\/?product=iscem-pesem-pa-sem-v-njej-izbrane-pesmi-pesniskih-turnirjev","title":{"rendered":"I\u0160\u010cEM PESEM &#8211; PA SEM V NJEJ; IZBRANE PESMI PESNI\u0160KIH TURNIRJEV"},"content":{"rendered":"<p>160 strani, mehka vezava, 21.5 cm, Pivec, 2010, lepo ohranjena.<\/p>\n","protected":false},"excerpt":{"rendered":"<p>160 strani, mehka vezava, 21.5 cm, Pivec, 2010, lepo ohranjena.<\/p>\n","protected":false},"featured_media":69517,"template":"","meta":{"_monsterinsights_skip_tracking":false,"_monsterinsights_sitenote_active":false,"_monsterinsights_sitenote_note":"","_monsterinsights_sitenote_category":0},"product_brand":[],"product_cat":[17,16,27,66],"product_tag":[],"class_list":{"0":"post-69516","1":"product","2":"type-product","3":"status-publish","4":"has-post-thumbnail","6":"product_cat-antikvarne-knjige","7":"product_cat-katalog-knjig","8":"product_cat-leposlovje","9":"product_cat-poezija","11":"first","12":"instock","13":"taxable","14":"shipping-taxable","15":"purchasable","16":"product-type-simple"},"jetpack_sharing_enabled":true,"_links":{"self":[{"href":"https:\/\/www.antikvariat-vodnik.si\/index.php?rest_route=\/wp\/v2\/product\/69516","targetHints":{"allow":["GET"]}}],"collection":[{"href":"https:\/\/www.antikvariat-vodnik.si\/index.php?rest_route=\/wp\/v2\/product"}],"about":[{"href":"https:\/\/www.antikvariat-vodnik.si\/index.php?rest_route=\/wp\/v2\/types\/product"}],"wp:featuredmedia":[{"embeddable":true,"href":"https:\/\/www.antikvariat-vodnik.si\/index.php?rest_route=\/wp\/v2\/media\/69517"}],"wp:attachment":[{"href":"https:\/\/www.antikvariat-vodnik.si\/index.php?rest_route=%2Fwp%2Fv2%2Fmedia&parent=69516"}],"wp:term":[{"taxonomy":"product_brand","embeddable":true,"href":"https:\/\/www.antikvariat-vodnik.si\/index.php?rest_route=%2Fwp%2Fv2%2Fproduct_brand&post=69516"},{"taxonomy":"product_cat","embeddable":true,"href":"https:\/\/www.antikvariat-vodnik.si\/index.php?rest_route=%2Fwp%2Fv2%2Fproduct_cat&post=69516"},{"taxonomy":"product_tag","embeddable":true,"href":"https:\/\/www.antikvariat-vodnik.si\/index.php?rest_route=%2Fwp%2Fv2%2Fproduct_tag&post=69516"}],"curies":[{"name":"wp","href":"https:\/\/api.w.org\/{rel}","templated":true}]}}