{"id":69426,"date":"2025-08-10T15:43:50","date_gmt":"2025-08-10T13:43:50","guid":{"rendered":"https:\/\/www.antikvariat-vodnik.si\/?post_type=product&#038;p=69426"},"modified":"2025-08-10T15:43:53","modified_gmt":"2025-08-10T13:43:53","slug":"dela-otona-zupancica-uredil-josip-vidmar","status":"publish","type":"product","link":"https:\/\/www.antikvariat-vodnik.si\/?product=dela-otona-zupancica-uredil-josip-vidmar","title":{"rendered":"DELA OTONA \u017dUPAN\u010cI\u010cA, uredil Josip Vidmar"},"content":{"rendered":"<p>198 str., mehka vezava, 16,5 cm, Akademska zalo\u017eba, 1936, dobro ohranjena<\/p>\n","protected":false},"excerpt":{"rendered":"<p>198 str., mehka vezava, 16,5 cm, Akademska zalo\u017eba, 1936, dobro ohranjena<\/p>\n","protected":false},"featured_media":69427,"template":"","meta":{"_monsterinsights_skip_tracking":false,"_monsterinsights_sitenote_active":false,"_monsterinsights_sitenote_note":"","_monsterinsights_sitenote_category":0},"product_brand":[],"product_cat":[17,67,19,16,27,66,64],"product_tag":[],"class_list":{"0":"post-69426","1":"product","2":"type-product","3":"status-publish","4":"has-post-thumbnail","6":"product_cat-antikvarne-knjige","7":"product_cat-dramatika","8":"product_cat-humanistika-druzboslovje","9":"product_cat-katalog-knjig","10":"product_cat-leposlovje","11":"product_cat-poezija","12":"product_cat-slovenska-proza","14":"first","15":"instock","16":"taxable","17":"shipping-taxable","18":"purchasable","19":"product-type-simple"},"jetpack_sharing_enabled":true,"_links":{"self":[{"href":"https:\/\/www.antikvariat-vodnik.si\/index.php?rest_route=\/wp\/v2\/product\/69426","targetHints":{"allow":["GET"]}}],"collection":[{"href":"https:\/\/www.antikvariat-vodnik.si\/index.php?rest_route=\/wp\/v2\/product"}],"about":[{"href":"https:\/\/www.antikvariat-vodnik.si\/index.php?rest_route=\/wp\/v2\/types\/product"}],"wp:featuredmedia":[{"embeddable":true,"href":"https:\/\/www.antikvariat-vodnik.si\/index.php?rest_route=\/wp\/v2\/media\/69427"}],"wp:attachment":[{"href":"https:\/\/www.antikvariat-vodnik.si\/index.php?rest_route=%2Fwp%2Fv2%2Fmedia&parent=69426"}],"wp:term":[{"taxonomy":"product_brand","embeddable":true,"href":"https:\/\/www.antikvariat-vodnik.si\/index.php?rest_route=%2Fwp%2Fv2%2Fproduct_brand&post=69426"},{"taxonomy":"product_cat","embeddable":true,"href":"https:\/\/www.antikvariat-vodnik.si\/index.php?rest_route=%2Fwp%2Fv2%2Fproduct_cat&post=69426"},{"taxonomy":"product_tag","embeddable":true,"href":"https:\/\/www.antikvariat-vodnik.si\/index.php?rest_route=%2Fwp%2Fv2%2Fproduct_tag&post=69426"}],"curies":[{"name":"wp","href":"https:\/\/api.w.org\/{rel}","templated":true}]}}