{"id":68552,"date":"2025-06-24T16:22:04","date_gmt":"2025-06-24T14:22:04","guid":{"rendered":"https:\/\/www.antikvariat-vodnik.si\/?post_type=product&#038;p=68552"},"modified":"2025-06-24T16:22:07","modified_gmt":"2025-06-24T14:22:07","slug":"sledi-svoji-strasti-poisci-svojo-moc-bob-doyle","status":"publish","type":"product","link":"https:\/\/www.antikvariat-vodnik.si\/?product=sledi-svoji-strasti-poisci-svojo-moc-bob-doyle","title":{"rendered":"SLEDI SVOJI STRASTI, POI\u0160\u010cI SVOJO MO\u010c, Bob Doyle"},"content":{"rendered":"<p>216 strani, trda vezava, 19.5 cm, U\u010dila, 2012, lepo ohranjena.<\/p>\n","protected":false},"excerpt":{"rendered":"<p>216 strani, trda vezava, 19.5 cm, U\u010dila, 2012, lepo ohranjena.<\/p>\n","protected":false},"featured_media":68553,"template":"","meta":{"_monsterinsights_skip_tracking":false,"_monsterinsights_sitenote_active":false,"_monsterinsights_sitenote_note":"","_monsterinsights_sitenote_category":0},"product_brand":[],"product_cat":[17,16,89,51,26],"product_tag":[],"class_list":{"0":"post-68552","1":"product","2":"type-product","3":"status-publish","4":"has-post-thumbnail","6":"product_cat-antikvarne-knjige","7":"product_cat-katalog-knjig","8":"product_cat-osebna-rast","9":"product_cat-popularna-psihologija-ezoterika","10":"product_cat-prirocniki-uporabne-vede-duhovnost","12":"first","13":"instock","14":"taxable","15":"shipping-taxable","16":"purchasable","17":"product-type-simple"},"jetpack_sharing_enabled":true,"_links":{"self":[{"href":"https:\/\/www.antikvariat-vodnik.si\/index.php?rest_route=\/wp\/v2\/product\/68552","targetHints":{"allow":["GET"]}}],"collection":[{"href":"https:\/\/www.antikvariat-vodnik.si\/index.php?rest_route=\/wp\/v2\/product"}],"about":[{"href":"https:\/\/www.antikvariat-vodnik.si\/index.php?rest_route=\/wp\/v2\/types\/product"}],"wp:featuredmedia":[{"embeddable":true,"href":"https:\/\/www.antikvariat-vodnik.si\/index.php?rest_route=\/wp\/v2\/media\/68553"}],"wp:attachment":[{"href":"https:\/\/www.antikvariat-vodnik.si\/index.php?rest_route=%2Fwp%2Fv2%2Fmedia&parent=68552"}],"wp:term":[{"taxonomy":"product_brand","embeddable":true,"href":"https:\/\/www.antikvariat-vodnik.si\/index.php?rest_route=%2Fwp%2Fv2%2Fproduct_brand&post=68552"},{"taxonomy":"product_cat","embeddable":true,"href":"https:\/\/www.antikvariat-vodnik.si\/index.php?rest_route=%2Fwp%2Fv2%2Fproduct_cat&post=68552"},{"taxonomy":"product_tag","embeddable":true,"href":"https:\/\/www.antikvariat-vodnik.si\/index.php?rest_route=%2Fwp%2Fv2%2Fproduct_tag&post=68552"}],"curies":[{"name":"wp","href":"https:\/\/api.w.org\/{rel}","templated":true}]}}