{"id":68498,"date":"2025-06-20T12:03:59","date_gmt":"2025-06-20T10:03:59","guid":{"rendered":"https:\/\/www.antikvariat-vodnik.si\/?post_type=product&#038;p=68498"},"modified":"2025-06-20T12:04:03","modified_gmt":"2025-06-20T10:04:03","slug":"nogomet-v-narocju-politike-metod-cesek","status":"publish","type":"product","link":"https:\/\/www.antikvariat-vodnik.si\/?product=nogomet-v-narocju-politike-metod-cesek","title":{"rendered":"NOGOMET V NARO\u010cJU POLITIKE, Metod \u010ce\u0161ek"},"content":{"rendered":"<p>216 strani, mehka vezava, 21 cm, Planet, 2016, lepo ohranjena.<\/p>\n","protected":false},"excerpt":{"rendered":"<p>216 strani, mehka vezava, 21 cm, Planet, 2016, lepo ohranjena.<\/p>\n","protected":false},"featured_media":68499,"template":"","meta":{"_monsterinsights_skip_tracking":false,"_monsterinsights_sitenote_active":false,"_monsterinsights_sitenote_note":"","_monsterinsights_sitenote_category":0},"product_brand":[],"product_cat":[17,19,16,96,26,54],"product_tag":[],"class_list":{"0":"post-68498","1":"product","2":"type-product","3":"status-publish","4":"has-post-thumbnail","6":"product_cat-antikvarne-knjige","7":"product_cat-humanistika-druzboslovje","8":"product_cat-katalog-knjig","9":"product_cat-politika","10":"product_cat-prirocniki-uporabne-vede-duhovnost","11":"product_cat-sport-prosti-cas-hobby","13":"first","14":"instock","15":"taxable","16":"shipping-taxable","17":"purchasable","18":"product-type-simple"},"jetpack_sharing_enabled":true,"_links":{"self":[{"href":"https:\/\/www.antikvariat-vodnik.si\/index.php?rest_route=\/wp\/v2\/product\/68498","targetHints":{"allow":["GET"]}}],"collection":[{"href":"https:\/\/www.antikvariat-vodnik.si\/index.php?rest_route=\/wp\/v2\/product"}],"about":[{"href":"https:\/\/www.antikvariat-vodnik.si\/index.php?rest_route=\/wp\/v2\/types\/product"}],"wp:featuredmedia":[{"embeddable":true,"href":"https:\/\/www.antikvariat-vodnik.si\/index.php?rest_route=\/wp\/v2\/media\/68499"}],"wp:attachment":[{"href":"https:\/\/www.antikvariat-vodnik.si\/index.php?rest_route=%2Fwp%2Fv2%2Fmedia&parent=68498"}],"wp:term":[{"taxonomy":"product_brand","embeddable":true,"href":"https:\/\/www.antikvariat-vodnik.si\/index.php?rest_route=%2Fwp%2Fv2%2Fproduct_brand&post=68498"},{"taxonomy":"product_cat","embeddable":true,"href":"https:\/\/www.antikvariat-vodnik.si\/index.php?rest_route=%2Fwp%2Fv2%2Fproduct_cat&post=68498"},{"taxonomy":"product_tag","embeddable":true,"href":"https:\/\/www.antikvariat-vodnik.si\/index.php?rest_route=%2Fwp%2Fv2%2Fproduct_tag&post=68498"}],"curies":[{"name":"wp","href":"https:\/\/api.w.org\/{rel}","templated":true}]}}