{"id":68474,"date":"2025-06-17T18:22:03","date_gmt":"2025-06-17T16:22:03","guid":{"rendered":"https:\/\/www.antikvariat-vodnik.si\/?post_type=product&#038;p=68474"},"modified":"2025-06-17T18:25:26","modified_gmt":"2025-06-17T16:25:26","slug":"avtoportret-z-rojem-cebel-jan-wagner","status":"publish","type":"product","link":"https:\/\/www.antikvariat-vodnik.si\/?product=avtoportret-z-rojem-cebel-jan-wagner","title":{"rendered":"AVTOPORTRET Z ROJEM \u010cEBEL, Jan Wagner"},"content":{"rendered":"<p>236 strani, trda vezava, \u0161\u010ditni ovitek, 21 cm, Beletrina, 2021, kot nova.<\/p>\n","protected":false},"excerpt":{"rendered":"<p>236 strani, trda vezava, \u0161\u010ditni ovitek, 21 cm, Beletrina, 2021, kot nova.<\/p>\n","protected":false},"featured_media":68475,"template":"","meta":{"_monsterinsights_skip_tracking":false,"_monsterinsights_sitenote_active":false,"_monsterinsights_sitenote_note":"","_monsterinsights_sitenote_category":0},"product_brand":[],"product_cat":[17,16,27,66],"product_tag":[],"class_list":{"0":"post-68474","1":"product","2":"type-product","3":"status-publish","4":"has-post-thumbnail","6":"product_cat-antikvarne-knjige","7":"product_cat-katalog-knjig","8":"product_cat-leposlovje","9":"product_cat-poezija","11":"first","12":"instock","13":"taxable","14":"shipping-taxable","15":"purchasable","16":"product-type-simple"},"jetpack_sharing_enabled":true,"_links":{"self":[{"href":"https:\/\/www.antikvariat-vodnik.si\/index.php?rest_route=\/wp\/v2\/product\/68474","targetHints":{"allow":["GET"]}}],"collection":[{"href":"https:\/\/www.antikvariat-vodnik.si\/index.php?rest_route=\/wp\/v2\/product"}],"about":[{"href":"https:\/\/www.antikvariat-vodnik.si\/index.php?rest_route=\/wp\/v2\/types\/product"}],"wp:featuredmedia":[{"embeddable":true,"href":"https:\/\/www.antikvariat-vodnik.si\/index.php?rest_route=\/wp\/v2\/media\/68475"}],"wp:attachment":[{"href":"https:\/\/www.antikvariat-vodnik.si\/index.php?rest_route=%2Fwp%2Fv2%2Fmedia&parent=68474"}],"wp:term":[{"taxonomy":"product_brand","embeddable":true,"href":"https:\/\/www.antikvariat-vodnik.si\/index.php?rest_route=%2Fwp%2Fv2%2Fproduct_brand&post=68474"},{"taxonomy":"product_cat","embeddable":true,"href":"https:\/\/www.antikvariat-vodnik.si\/index.php?rest_route=%2Fwp%2Fv2%2Fproduct_cat&post=68474"},{"taxonomy":"product_tag","embeddable":true,"href":"https:\/\/www.antikvariat-vodnik.si\/index.php?rest_route=%2Fwp%2Fv2%2Fproduct_tag&post=68474"}],"curies":[{"name":"wp","href":"https:\/\/api.w.org\/{rel}","templated":true}]}}