{"id":67952,"date":"2025-05-31T13:05:36","date_gmt":"2025-05-31T11:05:36","guid":{"rendered":"https:\/\/www.antikvariat-vodnik.si\/?post_type=product&#038;p=67952"},"modified":"2025-05-31T13:05:52","modified_gmt":"2025-05-31T11:05:52","slug":"druzine-s-kronicno-bolnimi-otroki-jasper-juul","status":"publish","type":"product","link":"https:\/\/www.antikvariat-vodnik.si\/?product=druzine-s-kronicno-bolnimi-otroki-jasper-juul","title":{"rendered":"DRU\u017dINE S KRONI\u010cNO BOLNIMI OTROKI, Jasper Juul"},"content":{"rendered":"<p>80 strani, mehka vezava, 23.5 cm, In\u0161titut za sodobno dru\u017eino Manami, 2010, lepo ohranjena,<\/p>\n","protected":false},"excerpt":{"rendered":"<p>80 strani, mehka vezava, 23.5 cm, In\u0161titut za sodobno dru\u017eino Manami, 2010, lepo ohranjena,<\/p>\n","protected":false},"featured_media":67954,"template":"","meta":{"_monsterinsights_skip_tracking":false,"_monsterinsights_sitenote_active":false,"_monsterinsights_sitenote_note":"","_monsterinsights_sitenote_category":0},"product_brand":[],"product_cat":[17,90,16,26,49],"product_tag":[],"class_list":{"0":"post-67952","1":"product","2":"type-product","3":"status-publish","4":"has-post-thumbnail","6":"product_cat-antikvarne-knjige","7":"product_cat-druzina-starsevstvo-vzgoja","8":"product_cat-katalog-knjig","9":"product_cat-prirocniki-uporabne-vede-duhovnost","10":"product_cat-zdravje","12":"first","13":"instock","14":"taxable","15":"shipping-taxable","16":"purchasable","17":"product-type-simple"},"jetpack_sharing_enabled":true,"_links":{"self":[{"href":"https:\/\/www.antikvariat-vodnik.si\/index.php?rest_route=\/wp\/v2\/product\/67952","targetHints":{"allow":["GET"]}}],"collection":[{"href":"https:\/\/www.antikvariat-vodnik.si\/index.php?rest_route=\/wp\/v2\/product"}],"about":[{"href":"https:\/\/www.antikvariat-vodnik.si\/index.php?rest_route=\/wp\/v2\/types\/product"}],"wp:featuredmedia":[{"embeddable":true,"href":"https:\/\/www.antikvariat-vodnik.si\/index.php?rest_route=\/wp\/v2\/media\/67954"}],"wp:attachment":[{"href":"https:\/\/www.antikvariat-vodnik.si\/index.php?rest_route=%2Fwp%2Fv2%2Fmedia&parent=67952"}],"wp:term":[{"taxonomy":"product_brand","embeddable":true,"href":"https:\/\/www.antikvariat-vodnik.si\/index.php?rest_route=%2Fwp%2Fv2%2Fproduct_brand&post=67952"},{"taxonomy":"product_cat","embeddable":true,"href":"https:\/\/www.antikvariat-vodnik.si\/index.php?rest_route=%2Fwp%2Fv2%2Fproduct_cat&post=67952"},{"taxonomy":"product_tag","embeddable":true,"href":"https:\/\/www.antikvariat-vodnik.si\/index.php?rest_route=%2Fwp%2Fv2%2Fproduct_tag&post=67952"}],"curies":[{"name":"wp","href":"https:\/\/api.w.org\/{rel}","templated":true}]}}