{"id":67093,"date":"2025-05-11T13:39:32","date_gmt":"2025-05-11T11:39:32","guid":{"rendered":"https:\/\/www.antikvariat-vodnik.si\/?post_type=product&#038;p=67093"},"modified":"2025-05-11T13:39:52","modified_gmt":"2025-05-11T11:39:52","slug":"makrobioticka-domaca-lekovita-sredstva-micio-kusi","status":"publish","type":"product","link":"https:\/\/www.antikvariat-vodnik.si\/?product=makrobioticka-domaca-lekovita-sredstva-micio-kusi","title":{"rendered":"MAKROBIOTI\u010cKA DOMA\u0106A LEKOVITA SREDSTVA, Mi\u010dio Ku\u0161i"},"content":{"rendered":"<p>236 strani, mehka vezava, 20 cm, Nolit, 1989, lepo ohranjena.<\/p>\n","protected":false},"excerpt":{"rendered":"<p>236 strani, mehka vezava, 20 cm, Nolit, 1989, lepo ohranjena.<\/p>\n","protected":false},"featured_media":67095,"template":"","meta":{"_monsterinsights_skip_tracking":false,"_monsterinsights_sitenote_active":false,"_monsterinsights_sitenote_note":"","_monsterinsights_sitenote_category":0},"product_brand":[],"product_cat":[17,16,28,26,53,75,49],"product_tag":[],"class_list":{"0":"post-67093","1":"product","2":"type-product","3":"status-publish","4":"has-post-thumbnail","6":"product_cat-antikvarne-knjige","7":"product_cat-katalog-knjig","8":"product_cat-knjige-v-tujih-jezikih","9":"product_cat-prirocniki-uporabne-vede-duhovnost","10":"product_cat-rastline-vrt-zivali","11":"product_cat-srbski-hrvaski-jezik","12":"product_cat-zdravje","14":"first","15":"instock","16":"taxable","17":"shipping-taxable","18":"purchasable","19":"product-type-simple"},"jetpack_sharing_enabled":true,"_links":{"self":[{"href":"https:\/\/www.antikvariat-vodnik.si\/index.php?rest_route=\/wp\/v2\/product\/67093","targetHints":{"allow":["GET"]}}],"collection":[{"href":"https:\/\/www.antikvariat-vodnik.si\/index.php?rest_route=\/wp\/v2\/product"}],"about":[{"href":"https:\/\/www.antikvariat-vodnik.si\/index.php?rest_route=\/wp\/v2\/types\/product"}],"wp:featuredmedia":[{"embeddable":true,"href":"https:\/\/www.antikvariat-vodnik.si\/index.php?rest_route=\/wp\/v2\/media\/67095"}],"wp:attachment":[{"href":"https:\/\/www.antikvariat-vodnik.si\/index.php?rest_route=%2Fwp%2Fv2%2Fmedia&parent=67093"}],"wp:term":[{"taxonomy":"product_brand","embeddable":true,"href":"https:\/\/www.antikvariat-vodnik.si\/index.php?rest_route=%2Fwp%2Fv2%2Fproduct_brand&post=67093"},{"taxonomy":"product_cat","embeddable":true,"href":"https:\/\/www.antikvariat-vodnik.si\/index.php?rest_route=%2Fwp%2Fv2%2Fproduct_cat&post=67093"},{"taxonomy":"product_tag","embeddable":true,"href":"https:\/\/www.antikvariat-vodnik.si\/index.php?rest_route=%2Fwp%2Fv2%2Fproduct_tag&post=67093"}],"curies":[{"name":"wp","href":"https:\/\/api.w.org\/{rel}","templated":true}]}}