{"id":67087,"date":"2025-05-11T13:26:58","date_gmt":"2025-05-11T11:26:58","guid":{"rendered":"https:\/\/www.antikvariat-vodnik.si\/?post_type=product&#038;p=67087"},"modified":"2026-03-04T14:38:51","modified_gmt":"2026-03-04T13:38:51","slug":"tomsiceva-brigada-uvodni-del-franci-strle","status":"publish","type":"product","link":"https:\/\/www.antikvariat-vodnik.si\/?product=tomsiceva-brigada-uvodni-del-franci-strle","title":{"rendered":"TOM\u0160I\u010cEVA BRIGADA; UVODNI DEL, Franci Strle"},"content":{"rendered":"<p>612 strani, trda vezava (s \u0161\u010ditnim ovitkom), 20.5 cm, odbor 1. SPUB Toneta Tom\u0161i\u010da in TOZD Zalo\u017eba, 1980, lepo ohranjena.<\/p>\n","protected":false},"excerpt":{"rendered":"<p>612 strani, trda vezava (s \u0161\u010ditnim ovitkom), 20.5 cm, odbor 1. SPUB Toneta Tom\u0161i\u010da in TOZD Zalo\u017eba, 1980, lepo ohranjena.<\/p>\n","protected":false},"featured_media":67089,"template":"","meta":{"_monsterinsights_skip_tracking":false,"_monsterinsights_sitenote_active":false,"_monsterinsights_sitenote_note":"","_monsterinsights_sitenote_category":0},"product_brand":[],"product_cat":[17,19,16,43],"product_tag":[],"class_list":{"0":"post-67087","1":"product","2":"type-product","3":"status-publish","4":"has-post-thumbnail","6":"product_cat-antikvarne-knjige","7":"product_cat-humanistika-druzboslovje","8":"product_cat-katalog-knjig","9":"product_cat-zgodovina-domoznanstvo","11":"first","12":"instock","13":"taxable","14":"shipping-taxable","15":"purchasable","16":"product-type-simple"},"jetpack_sharing_enabled":true,"_links":{"self":[{"href":"https:\/\/www.antikvariat-vodnik.si\/index.php?rest_route=\/wp\/v2\/product\/67087","targetHints":{"allow":["GET"]}}],"collection":[{"href":"https:\/\/www.antikvariat-vodnik.si\/index.php?rest_route=\/wp\/v2\/product"}],"about":[{"href":"https:\/\/www.antikvariat-vodnik.si\/index.php?rest_route=\/wp\/v2\/types\/product"}],"wp:featuredmedia":[{"embeddable":true,"href":"https:\/\/www.antikvariat-vodnik.si\/index.php?rest_route=\/wp\/v2\/media\/67089"}],"wp:attachment":[{"href":"https:\/\/www.antikvariat-vodnik.si\/index.php?rest_route=%2Fwp%2Fv2%2Fmedia&parent=67087"}],"wp:term":[{"taxonomy":"product_brand","embeddable":true,"href":"https:\/\/www.antikvariat-vodnik.si\/index.php?rest_route=%2Fwp%2Fv2%2Fproduct_brand&post=67087"},{"taxonomy":"product_cat","embeddable":true,"href":"https:\/\/www.antikvariat-vodnik.si\/index.php?rest_route=%2Fwp%2Fv2%2Fproduct_cat&post=67087"},{"taxonomy":"product_tag","embeddable":true,"href":"https:\/\/www.antikvariat-vodnik.si\/index.php?rest_route=%2Fwp%2Fv2%2Fproduct_tag&post=67087"}],"curies":[{"name":"wp","href":"https:\/\/api.w.org\/{rel}","templated":true}]}}