{"id":6707,"date":"2021-02-10T16:08:47","date_gmt":"2021-02-10T15:08:47","guid":{"rendered":"https:\/\/www.antikvariat-vodnik.si\/?post_type=product&#038;p=6707"},"modified":"2025-10-19T17:53:06","modified_gmt":"2025-10-19T15:53:06","slug":"sobne-rastline-popoln-vodnik-za-gojenje-rastlin-v-hisi","status":"publish","type":"product","link":"https:\/\/www.antikvariat-vodnik.si\/?product=sobne-rastline-popoln-vodnik-za-gojenje-rastlin-v-hisi","title":{"rendered":"SOBNE RASTLINE, popoln vodnik za gojenje rastlin v hi\u0161i"},"content":{"rendered":"<p>Cynthia Wickham, 252 strani, trda vezava in \u0161\u010ditni ovitek, 29 cm, Zalo\u017eba Globus &#8217;86, lepo ohranjeno<\/p>\n","protected":false},"excerpt":{"rendered":"<p>Cynthia Wickham, 252 strani, trda vezava in \u0161\u010ditni ovitek, 29 cm, Zalo\u017eba Globus &#8217;86, lepo ohranjeno<\/p>\n","protected":false},"featured_media":6539,"template":"","meta":{"_monsterinsights_skip_tracking":false,"_monsterinsights_sitenote_active":false,"_monsterinsights_sitenote_note":"","_monsterinsights_sitenote_category":0},"product_brand":[],"product_cat":[17,52,16,26],"product_tag":[],"class_list":{"0":"post-6707","1":"product","2":"type-product","3":"status-publish","4":"has-post-thumbnail","6":"product_cat-antikvarne-knjige","7":"product_cat-dom-vrt-rocna-dela","8":"product_cat-katalog-knjig","9":"product_cat-prirocniki-uporabne-vede-duhovnost","11":"first","12":"instock","13":"taxable","14":"shipping-taxable","15":"purchasable","16":"product-type-simple"},"jetpack_sharing_enabled":true,"_links":{"self":[{"href":"https:\/\/www.antikvariat-vodnik.si\/index.php?rest_route=\/wp\/v2\/product\/6707","targetHints":{"allow":["GET"]}}],"collection":[{"href":"https:\/\/www.antikvariat-vodnik.si\/index.php?rest_route=\/wp\/v2\/product"}],"about":[{"href":"https:\/\/www.antikvariat-vodnik.si\/index.php?rest_route=\/wp\/v2\/types\/product"}],"wp:featuredmedia":[{"embeddable":true,"href":"https:\/\/www.antikvariat-vodnik.si\/index.php?rest_route=\/wp\/v2\/media\/6539"}],"wp:attachment":[{"href":"https:\/\/www.antikvariat-vodnik.si\/index.php?rest_route=%2Fwp%2Fv2%2Fmedia&parent=6707"}],"wp:term":[{"taxonomy":"product_brand","embeddable":true,"href":"https:\/\/www.antikvariat-vodnik.si\/index.php?rest_route=%2Fwp%2Fv2%2Fproduct_brand&post=6707"},{"taxonomy":"product_cat","embeddable":true,"href":"https:\/\/www.antikvariat-vodnik.si\/index.php?rest_route=%2Fwp%2Fv2%2Fproduct_cat&post=6707"},{"taxonomy":"product_tag","embeddable":true,"href":"https:\/\/www.antikvariat-vodnik.si\/index.php?rest_route=%2Fwp%2Fv2%2Fproduct_tag&post=6707"}],"curies":[{"name":"wp","href":"https:\/\/api.w.org\/{rel}","templated":true}]}}