{"id":66647,"date":"2025-04-27T15:39:59","date_gmt":"2025-04-27T13:39:59","guid":{"rendered":"https:\/\/www.antikvariat-vodnik.si\/?post_type=product&#038;p=66647"},"modified":"2025-04-27T15:40:15","modified_gmt":"2025-04-27T13:40:15","slug":"trening-za-uravnotezenje-mozganov-philip-carter-in-ken-russell","status":"publish","type":"product","link":"https:\/\/www.antikvariat-vodnik.si\/?product=trening-za-uravnotezenje-mozganov-philip-carter-in-ken-russell","title":{"rendered":"TRENING ZA URAVNOTE\u017dENJE MO\u017dGANOV, Philip Carter in Ken Russell"},"content":{"rendered":"<p>160 strani, trda vezava, 25 cm, Tehni\u0161ka zalo\u017eba Slovenije, 2002, lepo ohranjena.<\/p>\n","protected":false},"excerpt":{"rendered":"<p>160 strani, trda vezava, 25 cm, Tehni\u0161ka zalo\u017eba Slovenije, 2002, lepo ohranjena.<\/p>\n","protected":false},"featured_media":66649,"template":"","meta":{"_monsterinsights_skip_tracking":false,"_monsterinsights_sitenote_active":false,"_monsterinsights_sitenote_note":"","_monsterinsights_sitenote_category":0},"product_brand":[],"product_cat":[17,16,26,54,49],"product_tag":[],"class_list":{"0":"post-66647","1":"product","2":"type-product","3":"status-publish","4":"has-post-thumbnail","6":"product_cat-antikvarne-knjige","7":"product_cat-katalog-knjig","8":"product_cat-prirocniki-uporabne-vede-duhovnost","9":"product_cat-sport-prosti-cas-hobby","10":"product_cat-zdravje","12":"first","13":"instock","14":"taxable","15":"shipping-taxable","16":"purchasable","17":"product-type-simple"},"jetpack_sharing_enabled":true,"_links":{"self":[{"href":"https:\/\/www.antikvariat-vodnik.si\/index.php?rest_route=\/wp\/v2\/product\/66647","targetHints":{"allow":["GET"]}}],"collection":[{"href":"https:\/\/www.antikvariat-vodnik.si\/index.php?rest_route=\/wp\/v2\/product"}],"about":[{"href":"https:\/\/www.antikvariat-vodnik.si\/index.php?rest_route=\/wp\/v2\/types\/product"}],"wp:featuredmedia":[{"embeddable":true,"href":"https:\/\/www.antikvariat-vodnik.si\/index.php?rest_route=\/wp\/v2\/media\/66649"}],"wp:attachment":[{"href":"https:\/\/www.antikvariat-vodnik.si\/index.php?rest_route=%2Fwp%2Fv2%2Fmedia&parent=66647"}],"wp:term":[{"taxonomy":"product_brand","embeddable":true,"href":"https:\/\/www.antikvariat-vodnik.si\/index.php?rest_route=%2Fwp%2Fv2%2Fproduct_brand&post=66647"},{"taxonomy":"product_cat","embeddable":true,"href":"https:\/\/www.antikvariat-vodnik.si\/index.php?rest_route=%2Fwp%2Fv2%2Fproduct_cat&post=66647"},{"taxonomy":"product_tag","embeddable":true,"href":"https:\/\/www.antikvariat-vodnik.si\/index.php?rest_route=%2Fwp%2Fv2%2Fproduct_tag&post=66647"}],"curies":[{"name":"wp","href":"https:\/\/api.w.org\/{rel}","templated":true}]}}