{"id":66576,"date":"2025-04-26T13:10:51","date_gmt":"2025-04-26T11:10:51","guid":{"rendered":"https:\/\/www.antikvariat-vodnik.si\/?post_type=product&#038;p=66576"},"modified":"2025-04-26T13:39:39","modified_gmt":"2025-04-26T11:39:39","slug":"jaz-sem-visje-kot-marija-milka-bokal","status":"publish","type":"product","link":"https:\/\/www.antikvariat-vodnik.si\/?product=jaz-sem-visje-kot-marija-milka-bokal","title":{"rendered":"JAZ SEM VI\u0160JE KOT MARIJA, Milka Bokal"},"content":{"rendered":"<p>Folklorne pripovedi iz Polhovega Gradca, Dobrove, Horjula, \u0160entjo\u0161ta, \u010crnega Vrha in okoli\u0161kih krajev.<\/p>\n<p>360 strani, mehka vezava, 20 cm, Mohorjeva, 2010, lepo ohranjena.<\/p>\n","protected":false},"excerpt":{"rendered":"<p>Folklorne pripovedi iz Polhovega Gradca, Dobrove, Horjula, \u0160entjo\u0161ta, \u010crnega Vrha in okoli\u0161kih krajev. 360 strani, mehka vezava, 20 cm, Mohorjeva, 2010, lepo ohranjena.<\/p>\n","protected":false},"featured_media":66578,"template":"","meta":{"_monsterinsights_skip_tracking":false,"_monsterinsights_sitenote_active":false,"_monsterinsights_sitenote_note":"","_monsterinsights_sitenote_category":0},"product_brand":[],"product_cat":[17,19,16,95,27,64],"product_tag":[],"class_list":{"0":"post-66576","1":"product","2":"type-product","3":"status-publish","4":"has-post-thumbnail","6":"product_cat-antikvarne-knjige","7":"product_cat-humanistika-druzboslovje","8":"product_cat-katalog-knjig","9":"product_cat-kultura-humanistika-druzboslovje","10":"product_cat-leposlovje","11":"product_cat-slovenska-proza","13":"first","14":"instock","15":"taxable","16":"shipping-taxable","17":"purchasable","18":"product-type-simple"},"jetpack_sharing_enabled":true,"_links":{"self":[{"href":"https:\/\/www.antikvariat-vodnik.si\/index.php?rest_route=\/wp\/v2\/product\/66576","targetHints":{"allow":["GET"]}}],"collection":[{"href":"https:\/\/www.antikvariat-vodnik.si\/index.php?rest_route=\/wp\/v2\/product"}],"about":[{"href":"https:\/\/www.antikvariat-vodnik.si\/index.php?rest_route=\/wp\/v2\/types\/product"}],"wp:featuredmedia":[{"embeddable":true,"href":"https:\/\/www.antikvariat-vodnik.si\/index.php?rest_route=\/wp\/v2\/media\/66578"}],"wp:attachment":[{"href":"https:\/\/www.antikvariat-vodnik.si\/index.php?rest_route=%2Fwp%2Fv2%2Fmedia&parent=66576"}],"wp:term":[{"taxonomy":"product_brand","embeddable":true,"href":"https:\/\/www.antikvariat-vodnik.si\/index.php?rest_route=%2Fwp%2Fv2%2Fproduct_brand&post=66576"},{"taxonomy":"product_cat","embeddable":true,"href":"https:\/\/www.antikvariat-vodnik.si\/index.php?rest_route=%2Fwp%2Fv2%2Fproduct_cat&post=66576"},{"taxonomy":"product_tag","embeddable":true,"href":"https:\/\/www.antikvariat-vodnik.si\/index.php?rest_route=%2Fwp%2Fv2%2Fproduct_tag&post=66576"}],"curies":[{"name":"wp","href":"https:\/\/api.w.org\/{rel}","templated":true}]}}