{"id":66347,"date":"2025-04-20T15:39:50","date_gmt":"2025-04-20T13:39:50","guid":{"rendered":"https:\/\/www.antikvariat-vodnik.si\/?post_type=product&#038;p=66347"},"modified":"2025-09-16T19:38:07","modified_gmt":"2025-09-16T17:38:07","slug":"odgovor-kako-vzeti-zivljenje-v-svoje-roke-in-postati-clovek-kakrsen-hocete-biti-allan-in-barbara-pease","status":"publish","type":"product","link":"https:\/\/www.antikvariat-vodnik.si\/?product=odgovor-kako-vzeti-zivljenje-v-svoje-roke-in-postati-clovek-kakrsen-hocete-biti-allan-in-barbara-pease","title":{"rendered":"ODGOVOR; KAKO VZETI \u017dIVLJENJE V SVOJE ROKE IN POSTATI \u010cLOVEK, KAKR\u0160EN HO\u010cETE BITI, Allan in Barbara Pease"},"content":{"rendered":"<p>304 strani, trda vezava, 19 cm, U\u010dila, 2018, kot nova.<\/p>\n","protected":false},"excerpt":{"rendered":"<p>304 strani, trda vezava, 19 cm, U\u010dila, 2018, kot nova.<\/p>\n","protected":false},"featured_media":66349,"template":"","meta":{"_monsterinsights_skip_tracking":false,"_monsterinsights_sitenote_active":false,"_monsterinsights_sitenote_note":"","_monsterinsights_sitenote_category":0},"product_brand":[],"product_cat":[17,16,89,26],"product_tag":[],"class_list":{"0":"post-66347","1":"product","2":"type-product","3":"status-publish","4":"has-post-thumbnail","6":"product_cat-antikvarne-knjige","7":"product_cat-katalog-knjig","8":"product_cat-osebna-rast","9":"product_cat-prirocniki-uporabne-vede-duhovnost","11":"first","12":"outofstock","13":"taxable","14":"shipping-taxable","15":"purchasable","16":"product-type-simple"},"jetpack_sharing_enabled":true,"_links":{"self":[{"href":"https:\/\/www.antikvariat-vodnik.si\/index.php?rest_route=\/wp\/v2\/product\/66347","targetHints":{"allow":["GET"]}}],"collection":[{"href":"https:\/\/www.antikvariat-vodnik.si\/index.php?rest_route=\/wp\/v2\/product"}],"about":[{"href":"https:\/\/www.antikvariat-vodnik.si\/index.php?rest_route=\/wp\/v2\/types\/product"}],"wp:featuredmedia":[{"embeddable":true,"href":"https:\/\/www.antikvariat-vodnik.si\/index.php?rest_route=\/wp\/v2\/media\/66349"}],"wp:attachment":[{"href":"https:\/\/www.antikvariat-vodnik.si\/index.php?rest_route=%2Fwp%2Fv2%2Fmedia&parent=66347"}],"wp:term":[{"taxonomy":"product_brand","embeddable":true,"href":"https:\/\/www.antikvariat-vodnik.si\/index.php?rest_route=%2Fwp%2Fv2%2Fproduct_brand&post=66347"},{"taxonomy":"product_cat","embeddable":true,"href":"https:\/\/www.antikvariat-vodnik.si\/index.php?rest_route=%2Fwp%2Fv2%2Fproduct_cat&post=66347"},{"taxonomy":"product_tag","embeddable":true,"href":"https:\/\/www.antikvariat-vodnik.si\/index.php?rest_route=%2Fwp%2Fv2%2Fproduct_tag&post=66347"}],"curies":[{"name":"wp","href":"https:\/\/api.w.org\/{rel}","templated":true}]}}