{"id":65813,"date":"2025-04-06T14:03:44","date_gmt":"2025-04-06T12:03:44","guid":{"rendered":"https:\/\/www.antikvariat-vodnik.si\/?post_type=product&#038;p=65813"},"modified":"2025-04-06T14:16:12","modified_gmt":"2025-04-06T12:16:12","slug":"zgodbe-mojega-zivljenja-storie-di-una-vita-drago-slavec","status":"publish","type":"product","link":"https:\/\/www.antikvariat-vodnik.si\/?product=zgodbe-mojega-zivljenja-storie-di-una-vita-drago-slavec","title":{"rendered":"ZGODBE MOJEGA \u017dIVLJENJA\/STORIE DI UNA VITA, Drago Slavec"},"content":{"rendered":"<p>v sloven\u0161\u010dini in italijan\u0161\u010dini, 324 strani, trda vezava, 21.5 cm, samozal., 2012, lepo ohranjena.<\/p>\n","protected":false},"excerpt":{"rendered":"<p>v sloven\u0161\u010dini in italijan\u0161\u010dini, 324 strani, trda vezava, 21.5 cm, samozal., 2012, lepo ohranjena.<\/p>\n","protected":false},"featured_media":65815,"template":"","meta":{"_monsterinsights_skip_tracking":false,"_monsterinsights_sitenote_active":false,"_monsterinsights_sitenote_note":"","_monsterinsights_sitenote_category":0},"product_brand":[],"product_cat":[17,21,72,16,28],"product_tag":[],"class_list":{"0":"post-65813","1":"product","2":"type-product","3":"status-publish","4":"has-post-thumbnail","6":"product_cat-antikvarne-knjige","7":"product_cat-biografije","8":"product_cat-italijanski-jezik","9":"product_cat-katalog-knjig","10":"product_cat-knjige-v-tujih-jezikih","12":"first","13":"instock","14":"taxable","15":"shipping-taxable","16":"purchasable","17":"product-type-simple"},"jetpack_sharing_enabled":true,"_links":{"self":[{"href":"https:\/\/www.antikvariat-vodnik.si\/index.php?rest_route=\/wp\/v2\/product\/65813","targetHints":{"allow":["GET"]}}],"collection":[{"href":"https:\/\/www.antikvariat-vodnik.si\/index.php?rest_route=\/wp\/v2\/product"}],"about":[{"href":"https:\/\/www.antikvariat-vodnik.si\/index.php?rest_route=\/wp\/v2\/types\/product"}],"wp:featuredmedia":[{"embeddable":true,"href":"https:\/\/www.antikvariat-vodnik.si\/index.php?rest_route=\/wp\/v2\/media\/65815"}],"wp:attachment":[{"href":"https:\/\/www.antikvariat-vodnik.si\/index.php?rest_route=%2Fwp%2Fv2%2Fmedia&parent=65813"}],"wp:term":[{"taxonomy":"product_brand","embeddable":true,"href":"https:\/\/www.antikvariat-vodnik.si\/index.php?rest_route=%2Fwp%2Fv2%2Fproduct_brand&post=65813"},{"taxonomy":"product_cat","embeddable":true,"href":"https:\/\/www.antikvariat-vodnik.si\/index.php?rest_route=%2Fwp%2Fv2%2Fproduct_cat&post=65813"},{"taxonomy":"product_tag","embeddable":true,"href":"https:\/\/www.antikvariat-vodnik.si\/index.php?rest_route=%2Fwp%2Fv2%2Fproduct_tag&post=65813"}],"curies":[{"name":"wp","href":"https:\/\/api.w.org\/{rel}","templated":true}]}}