{"id":64757,"date":"2025-03-15T13:25:17","date_gmt":"2025-03-15T12:25:17","guid":{"rendered":"https:\/\/www.antikvariat-vodnik.si\/?post_type=product&#038;p=64757"},"modified":"2025-11-05T09:29:06","modified_gmt":"2025-11-05T08:29:06","slug":"kocevska-gozdnata-in-skrivnostna-dezela-janez-cernac","status":"publish","type":"product","link":"https:\/\/www.antikvariat-vodnik.si\/?product=kocevska-gozdnata-in-skrivnostna-dezela-janez-cernac","title":{"rendered":"KO\u010cEVSKA; GOZDNATA IN SKRIVNOSTNA DE\u017dELA, Janez \u010cerna\u010d"},"content":{"rendered":"<p>264 strani, trda vezava (s \u0161\u010ditnim ovitkom), 30.5 cm, Dolenjska zalo\u017eba, 1998, lepo ohranjena.<\/p>\n","protected":false},"excerpt":{"rendered":"<p>264 strani, trda vezava (s \u0161\u010ditnim ovitkom), 30.5 cm, Dolenjska zalo\u017eba, 1998, lepo ohranjena.<\/p>\n","protected":false},"featured_media":64759,"template":"","meta":{"_monsterinsights_skip_tracking":false,"_monsterinsights_sitenote_active":false,"_monsterinsights_sitenote_note":"","_monsterinsights_sitenote_category":0},"product_brand":[],"product_cat":[17,48,19,16,25,26,55],"product_tag":[],"class_list":{"0":"post-64757","1":"product","2":"type-product","3":"status-publish","4":"has-post-thumbnail","6":"product_cat-antikvarne-knjige","7":"product_cat-geografija-arheologija","8":"product_cat-humanistika-druzboslovje","9":"product_cat-katalog-knjig","10":"product_cat-naravoslovje-medicina-tehnika","11":"product_cat-prirocniki-uporabne-vede-duhovnost","12":"product_cat-turizem-gornistvo-alpinizem","14":"first","15":"outofstock","16":"taxable","17":"shipping-taxable","18":"purchasable","19":"product-type-simple"},"jetpack_sharing_enabled":true,"_links":{"self":[{"href":"https:\/\/www.antikvariat-vodnik.si\/index.php?rest_route=\/wp\/v2\/product\/64757","targetHints":{"allow":["GET"]}}],"collection":[{"href":"https:\/\/www.antikvariat-vodnik.si\/index.php?rest_route=\/wp\/v2\/product"}],"about":[{"href":"https:\/\/www.antikvariat-vodnik.si\/index.php?rest_route=\/wp\/v2\/types\/product"}],"wp:featuredmedia":[{"embeddable":true,"href":"https:\/\/www.antikvariat-vodnik.si\/index.php?rest_route=\/wp\/v2\/media\/64759"}],"wp:attachment":[{"href":"https:\/\/www.antikvariat-vodnik.si\/index.php?rest_route=%2Fwp%2Fv2%2Fmedia&parent=64757"}],"wp:term":[{"taxonomy":"product_brand","embeddable":true,"href":"https:\/\/www.antikvariat-vodnik.si\/index.php?rest_route=%2Fwp%2Fv2%2Fproduct_brand&post=64757"},{"taxonomy":"product_cat","embeddable":true,"href":"https:\/\/www.antikvariat-vodnik.si\/index.php?rest_route=%2Fwp%2Fv2%2Fproduct_cat&post=64757"},{"taxonomy":"product_tag","embeddable":true,"href":"https:\/\/www.antikvariat-vodnik.si\/index.php?rest_route=%2Fwp%2Fv2%2Fproduct_tag&post=64757"}],"curies":[{"name":"wp","href":"https:\/\/api.w.org\/{rel}","templated":true}]}}