{"id":64745,"date":"2025-03-15T12:56:30","date_gmt":"2025-03-15T11:56:30","guid":{"rendered":"https:\/\/www.antikvariat-vodnik.si\/?post_type=product&#038;p=64745"},"modified":"2025-03-15T13:05:48","modified_gmt":"2025-03-15T12:05:48","slug":"kuhajmo-s-superzivili-za-dobro-pocutje-ob-zdravi-prehrani","status":"publish","type":"product","link":"https:\/\/www.antikvariat-vodnik.si\/?product=kuhajmo-s-superzivili-za-dobro-pocutje-ob-zdravi-prehrani","title":{"rendered":"KUHAJMO S SUPER\u017dIVILI; ZA DOBRO PO\u010cUTJE OB ZDRAVI PREHRANI"},"content":{"rendered":"<p>123 strani, mehka vezava, 24 cm, U\u010dila, 2017, lepo ohranjena.<\/p>\n","protected":false},"excerpt":{"rendered":"<p>123 strani, mehka vezava, 24 cm, U\u010dila, 2017, lepo ohranjena.<\/p>\n","protected":false},"featured_media":64747,"template":"","meta":{"_monsterinsights_skip_tracking":false,"_monsterinsights_sitenote_active":false,"_monsterinsights_sitenote_note":"","_monsterinsights_sitenote_category":0},"product_brand":[],"product_cat":[17,16,50,26],"product_tag":[],"class_list":{"0":"post-64745","1":"product","2":"type-product","3":"status-publish","4":"has-post-thumbnail","6":"product_cat-antikvarne-knjige","7":"product_cat-katalog-knjig","8":"product_cat-kulinarika","9":"product_cat-prirocniki-uporabne-vede-duhovnost","11":"first","12":"instock","13":"taxable","14":"shipping-taxable","15":"purchasable","16":"product-type-simple"},"jetpack_sharing_enabled":true,"_links":{"self":[{"href":"https:\/\/www.antikvariat-vodnik.si\/index.php?rest_route=\/wp\/v2\/product\/64745","targetHints":{"allow":["GET"]}}],"collection":[{"href":"https:\/\/www.antikvariat-vodnik.si\/index.php?rest_route=\/wp\/v2\/product"}],"about":[{"href":"https:\/\/www.antikvariat-vodnik.si\/index.php?rest_route=\/wp\/v2\/types\/product"}],"wp:featuredmedia":[{"embeddable":true,"href":"https:\/\/www.antikvariat-vodnik.si\/index.php?rest_route=\/wp\/v2\/media\/64747"}],"wp:attachment":[{"href":"https:\/\/www.antikvariat-vodnik.si\/index.php?rest_route=%2Fwp%2Fv2%2Fmedia&parent=64745"}],"wp:term":[{"taxonomy":"product_brand","embeddable":true,"href":"https:\/\/www.antikvariat-vodnik.si\/index.php?rest_route=%2Fwp%2Fv2%2Fproduct_brand&post=64745"},{"taxonomy":"product_cat","embeddable":true,"href":"https:\/\/www.antikvariat-vodnik.si\/index.php?rest_route=%2Fwp%2Fv2%2Fproduct_cat&post=64745"},{"taxonomy":"product_tag","embeddable":true,"href":"https:\/\/www.antikvariat-vodnik.si\/index.php?rest_route=%2Fwp%2Fv2%2Fproduct_tag&post=64745"}],"curies":[{"name":"wp","href":"https:\/\/api.w.org\/{rel}","templated":true}]}}