{"id":64485,"date":"2025-03-08T12:46:34","date_gmt":"2025-03-08T11:46:34","guid":{"rendered":"https:\/\/www.antikvariat-vodnik.si\/?post_type=product&#038;p=64485"},"modified":"2026-03-12T18:47:47","modified_gmt":"2026-03-12T17:47:47","slug":"mala-flora-slovenije-andrej-martincic-in-franc-susnik","status":"publish","type":"product","link":"https:\/\/www.antikvariat-vodnik.si\/?product=mala-flora-slovenije-andrej-martincic-in-franc-susnik","title":{"rendered":"MALA FLORA SLOVENIJE, Andrej Martin\u010di\u010d in Franc Su\u0161nik"},"content":{"rendered":"<p>520 strani, trda vezava, 19 cm, Cankarjeva zalo\u017eba, 1969, lepo ohranjena.<\/p>\n","protected":false},"excerpt":{"rendered":"<p>520 strani, trda vezava, 19 cm, Cankarjeva zalo\u017eba, 1969, lepo ohranjena.<\/p>\n","protected":false},"featured_media":64486,"template":"","meta":{"_monsterinsights_skip_tracking":false,"_monsterinsights_sitenote_active":false,"_monsterinsights_sitenote_note":"","_monsterinsights_sitenote_category":0},"product_brand":[],"product_cat":[17,16,56,25],"product_tag":[],"class_list":{"0":"post-64485","1":"product","2":"type-product","3":"status-publish","4":"has-post-thumbnail","6":"product_cat-antikvarne-knjige","7":"product_cat-katalog-knjig","8":"product_cat-matematika-fizika-kemija-geologija-biologija","9":"product_cat-naravoslovje-medicina-tehnika","11":"first","12":"instock","13":"taxable","14":"shipping-taxable","15":"purchasable","16":"product-type-simple"},"jetpack_sharing_enabled":true,"_links":{"self":[{"href":"https:\/\/www.antikvariat-vodnik.si\/index.php?rest_route=\/wp\/v2\/product\/64485","targetHints":{"allow":["GET"]}}],"collection":[{"href":"https:\/\/www.antikvariat-vodnik.si\/index.php?rest_route=\/wp\/v2\/product"}],"about":[{"href":"https:\/\/www.antikvariat-vodnik.si\/index.php?rest_route=\/wp\/v2\/types\/product"}],"wp:featuredmedia":[{"embeddable":true,"href":"https:\/\/www.antikvariat-vodnik.si\/index.php?rest_route=\/wp\/v2\/media\/64486"}],"wp:attachment":[{"href":"https:\/\/www.antikvariat-vodnik.si\/index.php?rest_route=%2Fwp%2Fv2%2Fmedia&parent=64485"}],"wp:term":[{"taxonomy":"product_brand","embeddable":true,"href":"https:\/\/www.antikvariat-vodnik.si\/index.php?rest_route=%2Fwp%2Fv2%2Fproduct_brand&post=64485"},{"taxonomy":"product_cat","embeddable":true,"href":"https:\/\/www.antikvariat-vodnik.si\/index.php?rest_route=%2Fwp%2Fv2%2Fproduct_cat&post=64485"},{"taxonomy":"product_tag","embeddable":true,"href":"https:\/\/www.antikvariat-vodnik.si\/index.php?rest_route=%2Fwp%2Fv2%2Fproduct_tag&post=64485"}],"curies":[{"name":"wp","href":"https:\/\/api.w.org\/{rel}","templated":true}]}}