{"id":64483,"date":"2025-03-08T12:43:10","date_gmt":"2025-03-08T11:43:10","guid":{"rendered":"https:\/\/www.antikvariat-vodnik.si\/?post_type=product&#038;p=64483"},"modified":"2025-03-08T12:43:34","modified_gmt":"2025-03-08T11:43:34","slug":"petnajsta-divizija-lado-ambrozic-novljan","status":"publish","type":"product","link":"https:\/\/www.antikvariat-vodnik.si\/?product=petnajsta-divizija-lado-ambrozic-novljan","title":{"rendered":"PETNAJSTA DIVIZIJA, Lado Ambro\u017ei\u010d-Novljan"},"content":{"rendered":"<p>608 strni, trda vezava (s \u0161\u010ditnim ovitkom), 20.5 cm, Borec, 1983, lepo ohranjena.<\/p>\n","protected":false},"excerpt":{"rendered":"<p>608 strni, trda vezava (s \u0161\u010ditnim ovitkom), 20.5 cm, Borec, 1983, lepo ohranjena.<\/p>\n","protected":false},"featured_media":64484,"template":"","meta":{"_monsterinsights_skip_tracking":false,"_monsterinsights_sitenote_active":false,"_monsterinsights_sitenote_note":"","_monsterinsights_sitenote_category":0},"product_brand":[],"product_cat":[17,19,16,43],"product_tag":[],"class_list":{"0":"post-64483","1":"product","2":"type-product","3":"status-publish","4":"has-post-thumbnail","6":"product_cat-antikvarne-knjige","7":"product_cat-humanistika-druzboslovje","8":"product_cat-katalog-knjig","9":"product_cat-zgodovina-domoznanstvo","11":"first","12":"instock","13":"taxable","14":"shipping-taxable","15":"purchasable","16":"product-type-simple"},"jetpack_sharing_enabled":true,"_links":{"self":[{"href":"https:\/\/www.antikvariat-vodnik.si\/index.php?rest_route=\/wp\/v2\/product\/64483","targetHints":{"allow":["GET"]}}],"collection":[{"href":"https:\/\/www.antikvariat-vodnik.si\/index.php?rest_route=\/wp\/v2\/product"}],"about":[{"href":"https:\/\/www.antikvariat-vodnik.si\/index.php?rest_route=\/wp\/v2\/types\/product"}],"wp:featuredmedia":[{"embeddable":true,"href":"https:\/\/www.antikvariat-vodnik.si\/index.php?rest_route=\/wp\/v2\/media\/64484"}],"wp:attachment":[{"href":"https:\/\/www.antikvariat-vodnik.si\/index.php?rest_route=%2Fwp%2Fv2%2Fmedia&parent=64483"}],"wp:term":[{"taxonomy":"product_brand","embeddable":true,"href":"https:\/\/www.antikvariat-vodnik.si\/index.php?rest_route=%2Fwp%2Fv2%2Fproduct_brand&post=64483"},{"taxonomy":"product_cat","embeddable":true,"href":"https:\/\/www.antikvariat-vodnik.si\/index.php?rest_route=%2Fwp%2Fv2%2Fproduct_cat&post=64483"},{"taxonomy":"product_tag","embeddable":true,"href":"https:\/\/www.antikvariat-vodnik.si\/index.php?rest_route=%2Fwp%2Fv2%2Fproduct_tag&post=64483"}],"curies":[{"name":"wp","href":"https:\/\/api.w.org\/{rel}","templated":true}]}}