{"id":64457,"date":"2025-03-07T17:14:11","date_gmt":"2025-03-07T16:14:11","guid":{"rendered":"https:\/\/www.antikvariat-vodnik.si\/?post_type=product&#038;p=64457"},"modified":"2025-03-07T17:18:07","modified_gmt":"2025-03-07T16:18:07","slug":"to-je-za-tvoje-dobro","status":"publish","type":"product","link":"https:\/\/www.antikvariat-vodnik.si\/?product=to-je-za-tvoje-dobro","title":{"rendered":"TO JE ZA TVOJE DOBRO"},"content":{"rendered":"<p>Avtorja Tome in Janry sta med ustvarjanjem dogodiv\u0161\u010din Spirouja in Fantasia za\u010dela ustvarjati vzporedno serijo, v kateri sta predstavila Spirouja v otro\u0161kih letih. Ta je hitro presegla celo uspeh \u2018velikega\u2019 Spirouja in postala ena najuspe\u0161nej\u0161ih evropskih stripovskih serij zadnjih desetletij.<\/p>\n<p>Mali Spirou je nabriti osnovno\u0161olec, ki se vam bo prikupil s svojimi \u0161tosi, iz katerih boste morda odnesli \u0161e kaj ve\u010d kot samo zabavo. To je namre\u010d sploh prva stripovska serija za otroke oz. za \u2018vse generacije\u2019, ki si je upala obravnavati dotedanje tabu teme, kot so verska hinav\u0161\u010dina, medgeneracijski konflikti, spolnost, kajenje, alkoholizem itd. In vse to skozi inteligentni humor.<\/p>\n<p>Preden je odrasel in postal pustolovec, da mu ni para, je bil Spirou majhen. In nikoli mu ni bilo dolg\u010das. Kar naprej je razmi\u0161ljal, kako bi jo komu zagodel \u2026<\/p>\n<p>Nekega dne se Spirou in Ku\u0161travec odlo\u010dita, da bosta preiskala zapu\u0161\u010deno hi\u0161o umrlega va\u0161kega fotografa. Med njegovim pogrebom torej v hi\u0161i odkrijeta posebno napravo, ki je staremu sprevr\u017eenemu fotografu omogo\u010dala, da v dru\u017ebi oskubljene papige fotografira vse, kar so po\u010deli va\u0161\u010dani, kar pa ni bilo vedno nedol\u017eno. Tako se za ko\u010dljivimi fotografijami po\u017eene pol vasi, Spirou in njegov prijatelj pa se znajdeta v ka\u0161i.<\/p>\n<p>In to je \u0161ele prva zgodba iz tega albuma \u2026 V njem je \u0161e polno drugih dogodiv\u0161\u010din, skozi katere odkrivate mladostni svet malega Spirouja in ob tem pokate od smeha.<\/p>\n","protected":false},"excerpt":{"rendered":"<p>Avtorja Tome in Janry sta med ustvarjanjem dogodiv\u0161\u010din Spirouja in Fantasia za\u010dela ustvarjati vzporedno serijo, v kateri sta predstavila Spirouja v otro\u0161kih letih. Ta je hitro presegla celo uspeh \u2018velikega\u2019 Spirouja in postala ena najuspe\u0161nej\u0161ih evropskih stripovskih serij zadnjih desetletij. Mali Spirou je nabriti osnovno\u0161olec, ki se vam bo prikupil s svojimi \u0161tosi, iz katerih [&hellip;]<\/p>\n","protected":false},"featured_media":64459,"template":"","meta":{"_monsterinsights_skip_tracking":false,"_monsterinsights_sitenote_active":false,"_monsterinsights_sitenote_note":"","_monsterinsights_sitenote_category":0},"product_brand":[],"product_cat":[16,18,107],"product_tag":[],"class_list":{"0":"post-64457","1":"product","2":"type-product","3":"status-publish","4":"has-post-thumbnail","6":"product_cat-katalog-knjig","7":"product_cat-nove-knjige","8":"product_cat-stripi","10":"first","11":"instock","12":"taxable","13":"shipping-taxable","14":"purchasable","15":"product-type-simple"},"jetpack_sharing_enabled":true,"_links":{"self":[{"href":"https:\/\/www.antikvariat-vodnik.si\/index.php?rest_route=\/wp\/v2\/product\/64457","targetHints":{"allow":["GET"]}}],"collection":[{"href":"https:\/\/www.antikvariat-vodnik.si\/index.php?rest_route=\/wp\/v2\/product"}],"about":[{"href":"https:\/\/www.antikvariat-vodnik.si\/index.php?rest_route=\/wp\/v2\/types\/product"}],"wp:featuredmedia":[{"embeddable":true,"href":"https:\/\/www.antikvariat-vodnik.si\/index.php?rest_route=\/wp\/v2\/media\/64459"}],"wp:attachment":[{"href":"https:\/\/www.antikvariat-vodnik.si\/index.php?rest_route=%2Fwp%2Fv2%2Fmedia&parent=64457"}],"wp:term":[{"taxonomy":"product_brand","embeddable":true,"href":"https:\/\/www.antikvariat-vodnik.si\/index.php?rest_route=%2Fwp%2Fv2%2Fproduct_brand&post=64457"},{"taxonomy":"product_cat","embeddable":true,"href":"https:\/\/www.antikvariat-vodnik.si\/index.php?rest_route=%2Fwp%2Fv2%2Fproduct_cat&post=64457"},{"taxonomy":"product_tag","embeddable":true,"href":"https:\/\/www.antikvariat-vodnik.si\/index.php?rest_route=%2Fwp%2Fv2%2Fproduct_tag&post=64457"}],"curies":[{"name":"wp","href":"https:\/\/api.w.org\/{rel}","templated":true}]}}