{"id":64453,"date":"2025-03-07T16:52:20","date_gmt":"2025-03-07T15:52:20","guid":{"rendered":"https:\/\/www.antikvariat-vodnik.si\/?post_type=product&#038;p=64453"},"modified":"2025-03-07T16:53:08","modified_gmt":"2025-03-07T15:53:08","slug":"ne-vrtaj-po-nosu","status":"publish","type":"product","link":"https:\/\/www.antikvariat-vodnik.si\/?product=ne-vrtaj-po-nosu","title":{"rendered":"NE VRTAJ PO NOSU!"},"content":{"rendered":"<p>Tudi ko je bil veliki Spirou \u0161e mali Spirou, je bil pravi pustolovec, ki mu ni manjkalo poguma!<\/p>\n<p>Ko se je prijetno popoldne na obisku pri \u0161e bolj prijetni sosedi Zoji prelevilo v stra\u0161no nevihtno no\u010d in je moral mali Spirou po sili razmer preno\u010diti pri njej, je dokazal, da je fant od fare, ki se prav ni\u010desar ne boji \u2026 Morda le ljubosumja nesojene zaro\u010denke Suzi.<\/p>\n<p>V drugem albumu jo mali Spirou s prijatelji znova zagode \u017eupniku Angeli\u010du in nerodnemu u\u010ditelju telovadbe, gospodu \u010ciku, v\u010dasih pa godljo skuha kar sam sebi, s \u010dimer spet in spet dokazuje, da otro\u0161ka domi\u0161ljija ne pozna meja. To so dogodiv\u0161\u010dine, ki si jih zapomnimo za vse \u017eivljenje!<\/p>\n","protected":false},"excerpt":{"rendered":"<p>Tudi ko je bil veliki Spirou \u0161e mali Spirou, je bil pravi pustolovec, ki mu ni manjkalo poguma! Ko se je prijetno popoldne na obisku pri \u0161e bolj prijetni sosedi Zoji prelevilo v stra\u0161no nevihtno no\u010d in je moral mali Spirou po sili razmer preno\u010diti pri njej, je dokazal, da je fant od fare, ki [&hellip;]<\/p>\n","protected":false},"featured_media":64454,"template":"","meta":{"_monsterinsights_skip_tracking":false,"_monsterinsights_sitenote_active":false,"_monsterinsights_sitenote_note":"","_monsterinsights_sitenote_category":0},"product_brand":[],"product_cat":[16,18,107],"product_tag":[],"class_list":{"0":"post-64453","1":"product","2":"type-product","3":"status-publish","4":"has-post-thumbnail","6":"product_cat-katalog-knjig","7":"product_cat-nove-knjige","8":"product_cat-stripi","10":"first","11":"instock","12":"taxable","13":"shipping-taxable","14":"purchasable","15":"product-type-simple"},"jetpack_sharing_enabled":true,"_links":{"self":[{"href":"https:\/\/www.antikvariat-vodnik.si\/index.php?rest_route=\/wp\/v2\/product\/64453","targetHints":{"allow":["GET"]}}],"collection":[{"href":"https:\/\/www.antikvariat-vodnik.si\/index.php?rest_route=\/wp\/v2\/product"}],"about":[{"href":"https:\/\/www.antikvariat-vodnik.si\/index.php?rest_route=\/wp\/v2\/types\/product"}],"wp:featuredmedia":[{"embeddable":true,"href":"https:\/\/www.antikvariat-vodnik.si\/index.php?rest_route=\/wp\/v2\/media\/64454"}],"wp:attachment":[{"href":"https:\/\/www.antikvariat-vodnik.si\/index.php?rest_route=%2Fwp%2Fv2%2Fmedia&parent=64453"}],"wp:term":[{"taxonomy":"product_brand","embeddable":true,"href":"https:\/\/www.antikvariat-vodnik.si\/index.php?rest_route=%2Fwp%2Fv2%2Fproduct_brand&post=64453"},{"taxonomy":"product_cat","embeddable":true,"href":"https:\/\/www.antikvariat-vodnik.si\/index.php?rest_route=%2Fwp%2Fv2%2Fproduct_cat&post=64453"},{"taxonomy":"product_tag","embeddable":true,"href":"https:\/\/www.antikvariat-vodnik.si\/index.php?rest_route=%2Fwp%2Fv2%2Fproduct_tag&post=64453"}],"curies":[{"name":"wp","href":"https:\/\/api.w.org\/{rel}","templated":true}]}}