{"id":64435,"date":"2025-03-07T11:22:27","date_gmt":"2025-03-07T10:22:27","guid":{"rendered":"https:\/\/www.antikvariat-vodnik.si\/?post_type=product&#038;p=64435"},"modified":"2025-07-11T17:39:21","modified_gmt":"2025-07-11T15:39:21","slug":"asterix-v-hispaniji","status":"publish","type":"product","link":"https:\/\/www.antikvariat-vodnik.si\/?product=asterix-v-hispaniji","title":{"rendered":"ASTERIX V HISPANIJI"},"content":{"rendered":"<p>Napetosti ne zmanjka niti v epizodi Asterix v Hispaniji, kjer nastopi prava fra\u010da. Mali Pepe, ki ga Rimljani ugrabijo iz rodne Hispanije, take strelja (pa ne samo s fra\u010do), da Asterix in Obelix skoraj po\u010dita od smeha. No, Obelixa smeh kmalu mine, saj se Pepe spoprijatelji z Idealixom, Obelixovim ku\u017ekom, kar pa mu ni najbolj prav. Kaj vse se pripeti Asterixu in Obelixu \u2013 in seveda malemu Pepetu \u2013 na poti iz Galije v Hispanijo! No, \u0161e ve\u010d stvari se pripeti napetim Rimljanom, ki jim sku\u0161ajo prepre\u010diti, da bi Pepeta vrnili domov. Jasno, kdor se zadnji smeje \u2026 je prebral oba nova Asterixa!<\/p>\n","protected":false},"excerpt":{"rendered":"<p>Napetosti ne zmanjka niti v epizodi Asterix v Hispaniji, kjer nastopi prava fra\u010da. Mali Pepe, ki ga Rimljani ugrabijo iz rodne Hispanije, take strelja (pa ne samo s fra\u010do), da Asterix in Obelix skoraj po\u010dita od smeha. No, Obelixa smeh kmalu mine, saj se Pepe spoprijatelji z Idealixom, Obelixovim ku\u017ekom, kar pa mu ni najbolj [&hellip;]<\/p>\n","protected":false},"featured_media":64436,"template":"","meta":{"_monsterinsights_skip_tracking":false,"_monsterinsights_sitenote_active":false,"_monsterinsights_sitenote_note":"","_monsterinsights_sitenote_category":0},"product_brand":[],"product_cat":[16,18,107],"product_tag":[],"class_list":{"0":"post-64435","1":"product","2":"type-product","3":"status-publish","4":"has-post-thumbnail","6":"product_cat-katalog-knjig","7":"product_cat-nove-knjige","8":"product_cat-stripi","10":"first","11":"outofstock","12":"taxable","13":"shipping-taxable","14":"purchasable","15":"product-type-simple"},"jetpack_sharing_enabled":true,"_links":{"self":[{"href":"https:\/\/www.antikvariat-vodnik.si\/index.php?rest_route=\/wp\/v2\/product\/64435","targetHints":{"allow":["GET"]}}],"collection":[{"href":"https:\/\/www.antikvariat-vodnik.si\/index.php?rest_route=\/wp\/v2\/product"}],"about":[{"href":"https:\/\/www.antikvariat-vodnik.si\/index.php?rest_route=\/wp\/v2\/types\/product"}],"wp:featuredmedia":[{"embeddable":true,"href":"https:\/\/www.antikvariat-vodnik.si\/index.php?rest_route=\/wp\/v2\/media\/64436"}],"wp:attachment":[{"href":"https:\/\/www.antikvariat-vodnik.si\/index.php?rest_route=%2Fwp%2Fv2%2Fmedia&parent=64435"}],"wp:term":[{"taxonomy":"product_brand","embeddable":true,"href":"https:\/\/www.antikvariat-vodnik.si\/index.php?rest_route=%2Fwp%2Fv2%2Fproduct_brand&post=64435"},{"taxonomy":"product_cat","embeddable":true,"href":"https:\/\/www.antikvariat-vodnik.si\/index.php?rest_route=%2Fwp%2Fv2%2Fproduct_cat&post=64435"},{"taxonomy":"product_tag","embeddable":true,"href":"https:\/\/www.antikvariat-vodnik.si\/index.php?rest_route=%2Fwp%2Fv2%2Fproduct_tag&post=64435"}],"curies":[{"name":"wp","href":"https:\/\/api.w.org\/{rel}","templated":true}]}}