{"id":64420,"date":"2025-03-06T16:33:31","date_gmt":"2025-03-06T15:33:31","guid":{"rendered":"https:\/\/www.antikvariat-vodnik.si\/?post_type=product&#038;p=64420"},"modified":"2025-03-06T16:37:46","modified_gmt":"2025-03-06T15:37:46","slug":"razprtje","status":"publish","type":"product","link":"https:\/\/www.antikvariat-vodnik.si\/?product=razprtje","title":{"rendered":"RAZPRTJE"},"content":{"rendered":"<p>Julij Cezar je besen! Ker nikakor ne more zatreti uporni\u0161kih Galcev, je morala njegovih \u010det na dnu in nasprotniki v senatu se mu posmehujejo. \u0160ef tajne policije Primojverij mu predlaga, naj v galsko vas po\u0161lje vohuna, zakrinkanega v druida. In res, rimski vohun prispe h Galcem, ravno ko druidu Panoramixu zmanjka ena od sestavin za \u010darobni napoj. Zato se vrli Asterix s prijateljem Obelixom poda na dolgo odisejado do Mezopotamije, kjer bo na\u0161el potrebno sestavino. Toda pozor: posadko spremlja tudi zlonamerni rimski vohun!<\/p>\n","protected":false},"excerpt":{"rendered":"<p>Julij Cezar je besen! Ker nikakor ne more zatreti uporni\u0161kih Galcev, je morala njegovih \u010det na dnu in nasprotniki v senatu se mu posmehujejo. \u0160ef tajne policije Primojverij mu predlaga, naj v galsko vas po\u0161lje vohuna, zakrinkanega v druida. In res, rimski vohun prispe h Galcem, ravno ko druidu Panoramixu zmanjka ena od sestavin za [&hellip;]<\/p>\n","protected":false},"featured_media":64421,"template":"","meta":{"_monsterinsights_skip_tracking":false,"_monsterinsights_sitenote_active":false,"_monsterinsights_sitenote_note":"","_monsterinsights_sitenote_category":0},"product_brand":[],"product_cat":[16,18,107],"product_tag":[],"class_list":{"0":"post-64420","1":"product","2":"type-product","3":"status-publish","4":"has-post-thumbnail","6":"product_cat-katalog-knjig","7":"product_cat-nove-knjige","8":"product_cat-stripi","10":"first","11":"instock","12":"taxable","13":"shipping-taxable","14":"purchasable","15":"product-type-simple"},"jetpack_sharing_enabled":true,"_links":{"self":[{"href":"https:\/\/www.antikvariat-vodnik.si\/index.php?rest_route=\/wp\/v2\/product\/64420","targetHints":{"allow":["GET"]}}],"collection":[{"href":"https:\/\/www.antikvariat-vodnik.si\/index.php?rest_route=\/wp\/v2\/product"}],"about":[{"href":"https:\/\/www.antikvariat-vodnik.si\/index.php?rest_route=\/wp\/v2\/types\/product"}],"wp:featuredmedia":[{"embeddable":true,"href":"https:\/\/www.antikvariat-vodnik.si\/index.php?rest_route=\/wp\/v2\/media\/64421"}],"wp:attachment":[{"href":"https:\/\/www.antikvariat-vodnik.si\/index.php?rest_route=%2Fwp%2Fv2%2Fmedia&parent=64420"}],"wp:term":[{"taxonomy":"product_brand","embeddable":true,"href":"https:\/\/www.antikvariat-vodnik.si\/index.php?rest_route=%2Fwp%2Fv2%2Fproduct_brand&post=64420"},{"taxonomy":"product_cat","embeddable":true,"href":"https:\/\/www.antikvariat-vodnik.si\/index.php?rest_route=%2Fwp%2Fv2%2Fproduct_cat&post=64420"},{"taxonomy":"product_tag","embeddable":true,"href":"https:\/\/www.antikvariat-vodnik.si\/index.php?rest_route=%2Fwp%2Fv2%2Fproduct_tag&post=64420"}],"curies":[{"name":"wp","href":"https:\/\/api.w.org\/{rel}","templated":true}]}}