{"id":64374,"date":"2025-03-05T16:21:46","date_gmt":"2025-03-05T15:21:46","guid":{"rendered":"https:\/\/www.antikvariat-vodnik.si\/?post_type=product&#038;p=64374"},"modified":"2025-03-05T16:26:16","modified_gmt":"2025-03-05T15:26:16","slug":"jekleni-alkimist-7-hiromu-arakawa","status":"publish","type":"product","link":"https:\/\/www.antikvariat-vodnik.si\/?product=jekleni-alkimist-7-hiromu-arakawa","title":{"rendered":"JEKLENI ALKIMIST 7, Hiromu Arakawa"},"content":{"rendered":"<p>Odkar sem za\u010dela risati mange, so se ena za drugo vrstile nepri\u010dakovane stvari, kar me je povsem vrglo iz tira. Toda prav zato, ker se v njem dogajajo nepri\u010dakovane stvari, je \u017eivljenje razburljivo in zanimivo, kajne?<\/p>\n","protected":false},"excerpt":{"rendered":"<p>Odkar sem za\u010dela risati mange, so se ena za drugo vrstile nepri\u010dakovane stvari, kar me je povsem vrglo iz tira. Toda prav zato, ker se v njem dogajajo nepri\u010dakovane stvari, je \u017eivljenje razburljivo in zanimivo, kajne?<\/p>\n","protected":false},"featured_media":64381,"template":"","meta":{"_monsterinsights_skip_tracking":false,"_monsterinsights_sitenote_active":false,"_monsterinsights_sitenote_note":"","_monsterinsights_sitenote_category":0},"product_brand":[],"product_cat":[16,18,107],"product_tag":[],"class_list":{"0":"post-64374","1":"product","2":"type-product","3":"status-publish","4":"has-post-thumbnail","6":"product_cat-katalog-knjig","7":"product_cat-nove-knjige","8":"product_cat-stripi","10":"first","11":"instock","12":"taxable","13":"shipping-taxable","14":"purchasable","15":"product-type-simple"},"jetpack_sharing_enabled":true,"_links":{"self":[{"href":"https:\/\/www.antikvariat-vodnik.si\/index.php?rest_route=\/wp\/v2\/product\/64374","targetHints":{"allow":["GET"]}}],"collection":[{"href":"https:\/\/www.antikvariat-vodnik.si\/index.php?rest_route=\/wp\/v2\/product"}],"about":[{"href":"https:\/\/www.antikvariat-vodnik.si\/index.php?rest_route=\/wp\/v2\/types\/product"}],"wp:featuredmedia":[{"embeddable":true,"href":"https:\/\/www.antikvariat-vodnik.si\/index.php?rest_route=\/wp\/v2\/media\/64381"}],"wp:attachment":[{"href":"https:\/\/www.antikvariat-vodnik.si\/index.php?rest_route=%2Fwp%2Fv2%2Fmedia&parent=64374"}],"wp:term":[{"taxonomy":"product_brand","embeddable":true,"href":"https:\/\/www.antikvariat-vodnik.si\/index.php?rest_route=%2Fwp%2Fv2%2Fproduct_brand&post=64374"},{"taxonomy":"product_cat","embeddable":true,"href":"https:\/\/www.antikvariat-vodnik.si\/index.php?rest_route=%2Fwp%2Fv2%2Fproduct_cat&post=64374"},{"taxonomy":"product_tag","embeddable":true,"href":"https:\/\/www.antikvariat-vodnik.si\/index.php?rest_route=%2Fwp%2Fv2%2Fproduct_tag&post=64374"}],"curies":[{"name":"wp","href":"https:\/\/api.w.org\/{rel}","templated":true}]}}