{"id":64372,"date":"2025-03-05T16:19:41","date_gmt":"2025-03-05T15:19:41","guid":{"rendered":"https:\/\/www.antikvariat-vodnik.si\/?post_type=product&#038;p=64372"},"modified":"2025-03-05T16:21:35","modified_gmt":"2025-03-05T15:21:35","slug":"jekleni-alkimist-6-hiromu-arakawa","status":"publish","type":"product","link":"https:\/\/www.antikvariat-vodnik.si\/?product=jekleni-alkimist-6-hiromu-arakawa","title":{"rendered":"JEKLENI ALKIMIST 6, Hiromu Arakawa"},"content":{"rendered":"<p>Triletna sosedova pun\u010dka je izvedela,<br \/>\nda ri\u0161em mange.<br \/>\nZ iskricami v o\u010deh me je vpra\u0161ala:<br \/>\n\u00bbAli torej ri\u0161e\u0161 princese?\u00ab<br \/>\nOprosti, pun\u010dka.<br \/>\nRi\u0161em samo robate mo\u017ee.<\/p>\n","protected":false},"excerpt":{"rendered":"<p>Triletna sosedova pun\u010dka je izvedela, da ri\u0161em mange. Z iskricami v o\u010deh me je vpra\u0161ala: \u00bbAli torej ri\u0161e\u0161 princese?\u00ab Oprosti, pun\u010dka. Ri\u0161em samo robate mo\u017ee.<\/p>\n","protected":false},"featured_media":64373,"template":"","meta":{"_monsterinsights_skip_tracking":false,"_monsterinsights_sitenote_active":false,"_monsterinsights_sitenote_note":"","_monsterinsights_sitenote_category":0},"product_brand":[],"product_cat":[16,18,107],"product_tag":[],"class_list":{"0":"post-64372","1":"product","2":"type-product","3":"status-publish","4":"has-post-thumbnail","6":"product_cat-katalog-knjig","7":"product_cat-nove-knjige","8":"product_cat-stripi","10":"first","11":"instock","12":"taxable","13":"shipping-taxable","14":"purchasable","15":"product-type-simple"},"jetpack_sharing_enabled":true,"_links":{"self":[{"href":"https:\/\/www.antikvariat-vodnik.si\/index.php?rest_route=\/wp\/v2\/product\/64372","targetHints":{"allow":["GET"]}}],"collection":[{"href":"https:\/\/www.antikvariat-vodnik.si\/index.php?rest_route=\/wp\/v2\/product"}],"about":[{"href":"https:\/\/www.antikvariat-vodnik.si\/index.php?rest_route=\/wp\/v2\/types\/product"}],"wp:featuredmedia":[{"embeddable":true,"href":"https:\/\/www.antikvariat-vodnik.si\/index.php?rest_route=\/wp\/v2\/media\/64373"}],"wp:attachment":[{"href":"https:\/\/www.antikvariat-vodnik.si\/index.php?rest_route=%2Fwp%2Fv2%2Fmedia&parent=64372"}],"wp:term":[{"taxonomy":"product_brand","embeddable":true,"href":"https:\/\/www.antikvariat-vodnik.si\/index.php?rest_route=%2Fwp%2Fv2%2Fproduct_brand&post=64372"},{"taxonomy":"product_cat","embeddable":true,"href":"https:\/\/www.antikvariat-vodnik.si\/index.php?rest_route=%2Fwp%2Fv2%2Fproduct_cat&post=64372"},{"taxonomy":"product_tag","embeddable":true,"href":"https:\/\/www.antikvariat-vodnik.si\/index.php?rest_route=%2Fwp%2Fv2%2Fproduct_tag&post=64372"}],"curies":[{"name":"wp","href":"https:\/\/api.w.org\/{rel}","templated":true}]}}