{"id":63743,"date":"2025-02-21T14:19:44","date_gmt":"2025-02-21T13:19:44","guid":{"rendered":"https:\/\/www.antikvariat-vodnik.si\/?post_type=product&#038;p=63743"},"modified":"2025-11-10T17:39:25","modified_gmt":"2025-11-10T16:39:25","slug":"zakladi-slovenije-matjaz-kmecl-2","status":"publish","type":"product","link":"https:\/\/www.antikvariat-vodnik.si\/?product=zakladi-slovenije-matjaz-kmecl-2","title":{"rendered":"ZAKLADI SLOVENIJE, Matja\u017e Kmecl"},"content":{"rendered":"<p>256 strani, trda vezava (s \u0161\u010ditnim ovitkom), 29 cm, Cankarjeva zalo\u017eba, 2009, lepo ohranjena.<\/p>\n","protected":false},"excerpt":{"rendered":"<p>256 strani, trda vezava (s \u0161\u010ditnim ovitkom), 29 cm, Cankarjeva zalo\u017eba, 2009, lepo ohranjena.<\/p>\n","protected":false},"featured_media":63745,"template":"","meta":{"_monsterinsights_skip_tracking":false,"_monsterinsights_sitenote_active":false,"_monsterinsights_sitenote_note":"","_monsterinsights_sitenote_category":0},"product_brand":[],"product_cat":[17,19,16,95,26,55,43],"product_tag":[],"class_list":{"0":"post-63743","1":"product","2":"type-product","3":"status-publish","4":"has-post-thumbnail","6":"product_cat-antikvarne-knjige","7":"product_cat-humanistika-druzboslovje","8":"product_cat-katalog-knjig","9":"product_cat-kultura-humanistika-druzboslovje","10":"product_cat-prirocniki-uporabne-vede-duhovnost","11":"product_cat-turizem-gornistvo-alpinizem","12":"product_cat-zgodovina-domoznanstvo","14":"first","15":"outofstock","16":"taxable","17":"shipping-taxable","18":"purchasable","19":"product-type-simple"},"jetpack_sharing_enabled":true,"_links":{"self":[{"href":"https:\/\/www.antikvariat-vodnik.si\/index.php?rest_route=\/wp\/v2\/product\/63743","targetHints":{"allow":["GET"]}}],"collection":[{"href":"https:\/\/www.antikvariat-vodnik.si\/index.php?rest_route=\/wp\/v2\/product"}],"about":[{"href":"https:\/\/www.antikvariat-vodnik.si\/index.php?rest_route=\/wp\/v2\/types\/product"}],"wp:featuredmedia":[{"embeddable":true,"href":"https:\/\/www.antikvariat-vodnik.si\/index.php?rest_route=\/wp\/v2\/media\/63745"}],"wp:attachment":[{"href":"https:\/\/www.antikvariat-vodnik.si\/index.php?rest_route=%2Fwp%2Fv2%2Fmedia&parent=63743"}],"wp:term":[{"taxonomy":"product_brand","embeddable":true,"href":"https:\/\/www.antikvariat-vodnik.si\/index.php?rest_route=%2Fwp%2Fv2%2Fproduct_brand&post=63743"},{"taxonomy":"product_cat","embeddable":true,"href":"https:\/\/www.antikvariat-vodnik.si\/index.php?rest_route=%2Fwp%2Fv2%2Fproduct_cat&post=63743"},{"taxonomy":"product_tag","embeddable":true,"href":"https:\/\/www.antikvariat-vodnik.si\/index.php?rest_route=%2Fwp%2Fv2%2Fproduct_tag&post=63743"}],"curies":[{"name":"wp","href":"https:\/\/api.w.org\/{rel}","templated":true}]}}