{"id":63663,"date":"2025-02-16T16:42:00","date_gmt":"2025-02-16T15:42:00","guid":{"rendered":"https:\/\/www.antikvariat-vodnik.si\/?post_type=product&#038;p=63663"},"modified":"2025-05-13T17:27:34","modified_gmt":"2025-05-13T15:27:34","slug":"stene-mojega-zivljenja-tone-skarja","status":"publish","type":"product","link":"https:\/\/www.antikvariat-vodnik.si\/?product=stene-mojega-zivljenja-tone-skarja","title":{"rendered":"STENE MOJEGA \u017dIVLJENJA, Tone \u0160karja"},"content":{"rendered":"<p>112 strani, trda vezava (s \u0161\u010ditnim ovitkom), 21 cm, Obzorja, 1975, lepo ohranjena.<\/p>\n","protected":false},"excerpt":{"rendered":"<p>112 strani, trda vezava (s \u0161\u010ditnim ovitkom), 21 cm, Obzorja, 1975, lepo ohranjena.<\/p>\n","protected":false},"featured_media":63665,"template":"","meta":{"_monsterinsights_skip_tracking":false,"_monsterinsights_sitenote_active":false,"_monsterinsights_sitenote_note":"","_monsterinsights_sitenote_category":0},"product_brand":[],"product_cat":[17,16,26,55],"product_tag":[],"class_list":{"0":"post-63663","1":"product","2":"type-product","3":"status-publish","4":"has-post-thumbnail","6":"product_cat-antikvarne-knjige","7":"product_cat-katalog-knjig","8":"product_cat-prirocniki-uporabne-vede-duhovnost","9":"product_cat-turizem-gornistvo-alpinizem","11":"first","12":"outofstock","13":"taxable","14":"shipping-taxable","15":"purchasable","16":"product-type-simple"},"jetpack_sharing_enabled":true,"_links":{"self":[{"href":"https:\/\/www.antikvariat-vodnik.si\/index.php?rest_route=\/wp\/v2\/product\/63663","targetHints":{"allow":["GET"]}}],"collection":[{"href":"https:\/\/www.antikvariat-vodnik.si\/index.php?rest_route=\/wp\/v2\/product"}],"about":[{"href":"https:\/\/www.antikvariat-vodnik.si\/index.php?rest_route=\/wp\/v2\/types\/product"}],"wp:featuredmedia":[{"embeddable":true,"href":"https:\/\/www.antikvariat-vodnik.si\/index.php?rest_route=\/wp\/v2\/media\/63665"}],"wp:attachment":[{"href":"https:\/\/www.antikvariat-vodnik.si\/index.php?rest_route=%2Fwp%2Fv2%2Fmedia&parent=63663"}],"wp:term":[{"taxonomy":"product_brand","embeddable":true,"href":"https:\/\/www.antikvariat-vodnik.si\/index.php?rest_route=%2Fwp%2Fv2%2Fproduct_brand&post=63663"},{"taxonomy":"product_cat","embeddable":true,"href":"https:\/\/www.antikvariat-vodnik.si\/index.php?rest_route=%2Fwp%2Fv2%2Fproduct_cat&post=63663"},{"taxonomy":"product_tag","embeddable":true,"href":"https:\/\/www.antikvariat-vodnik.si\/index.php?rest_route=%2Fwp%2Fv2%2Fproduct_tag&post=63663"}],"curies":[{"name":"wp","href":"https:\/\/api.w.org\/{rel}","templated":true}]}}