{"id":63604,"date":"2025-02-16T13:09:24","date_gmt":"2025-02-16T12:09:24","guid":{"rendered":"https:\/\/www.antikvariat-vodnik.si\/?post_type=product&#038;p=63604"},"modified":"2025-02-16T13:09:43","modified_gmt":"2025-02-16T12:09:43","slug":"vse-naj-slabse-zbirka-sal-zbral-slavko-krusnik","status":"publish","type":"product","link":"https:\/\/www.antikvariat-vodnik.si\/?product=vse-naj-slabse-zbirka-sal-zbral-slavko-krusnik","title":{"rendered":"VSE NAJ-SLAB\u0160E; ZBIRKA \u0160AL, zbral Slavko Kru\u0161nik"},"content":{"rendered":"<p>356 strani, trda vezava, 20.5 cm, samozal., 2005, zelo lepo ohranjena.<\/p>\n","protected":false},"excerpt":{"rendered":"<p>356 strani, trda vezava, 20.5 cm, samozal., 2005, zelo lepo ohranjena.<\/p>\n","protected":false},"featured_media":63606,"template":"","meta":{"_monsterinsights_skip_tracking":false,"_monsterinsights_sitenote_active":false,"_monsterinsights_sitenote_note":"","_monsterinsights_sitenote_category":0},"product_brand":[],"product_cat":[17,31,16],"product_tag":[],"class_list":{"0":"post-63604","1":"product","2":"type-product","3":"status-publish","4":"has-post-thumbnail","6":"product_cat-antikvarne-knjige","7":"product_cat-humor","8":"product_cat-katalog-knjig","10":"first","11":"instock","12":"taxable","13":"shipping-taxable","14":"purchasable","15":"product-type-simple"},"jetpack_sharing_enabled":true,"_links":{"self":[{"href":"https:\/\/www.antikvariat-vodnik.si\/index.php?rest_route=\/wp\/v2\/product\/63604","targetHints":{"allow":["GET"]}}],"collection":[{"href":"https:\/\/www.antikvariat-vodnik.si\/index.php?rest_route=\/wp\/v2\/product"}],"about":[{"href":"https:\/\/www.antikvariat-vodnik.si\/index.php?rest_route=\/wp\/v2\/types\/product"}],"wp:featuredmedia":[{"embeddable":true,"href":"https:\/\/www.antikvariat-vodnik.si\/index.php?rest_route=\/wp\/v2\/media\/63606"}],"wp:attachment":[{"href":"https:\/\/www.antikvariat-vodnik.si\/index.php?rest_route=%2Fwp%2Fv2%2Fmedia&parent=63604"}],"wp:term":[{"taxonomy":"product_brand","embeddable":true,"href":"https:\/\/www.antikvariat-vodnik.si\/index.php?rest_route=%2Fwp%2Fv2%2Fproduct_brand&post=63604"},{"taxonomy":"product_cat","embeddable":true,"href":"https:\/\/www.antikvariat-vodnik.si\/index.php?rest_route=%2Fwp%2Fv2%2Fproduct_cat&post=63604"},{"taxonomy":"product_tag","embeddable":true,"href":"https:\/\/www.antikvariat-vodnik.si\/index.php?rest_route=%2Fwp%2Fv2%2Fproduct_tag&post=63604"}],"curies":[{"name":"wp","href":"https:\/\/api.w.org\/{rel}","templated":true}]}}