{"id":6341,"date":"2021-02-04T18:34:24","date_gmt":"2021-02-04T17:34:24","guid":{"rendered":"https:\/\/www.antikvariat-vodnik.si\/?post_type=product&#038;p=6341"},"modified":"2026-01-06T17:39:57","modified_gmt":"2026-01-06T16:39:57","slug":"kartuzija-pleterje-marijan-zadnikar","status":"publish","type":"product","link":"https:\/\/www.antikvariat-vodnik.si\/?product=kartuzija-pleterje-marijan-zadnikar","title":{"rendered":"KARTUZIJA PLETERJE, Marijan Zadnikar"},"content":{"rendered":"<div class=\"base-entity-description\">\n<div class=\"passage-standard passage-standard--alpha\">\n<div id=\"__xclaimwords_wrapper\">\n<p>222 strani trda vezava, \u0161\u010ditni ovitek, 30 cm, Dolenjska zalo\u017eba Novo mesto 1995, lepo ohranjeno<\/p>\n<\/div>\n<\/div>\n<\/div>\n<div class=\"base-entity-additional-data\">\n<div class=\"base-entity-features  \">\n<div class=\"BaseEntityThumbnails BaseEntityThumbnails--features\">\n<p>&nbsp;<\/p>\n<\/div>\n<\/div>\n<\/div>\n","protected":false},"excerpt":{"rendered":"<p>222 strani trda vezava, \u0161\u010ditni ovitek, 30 cm, Dolenjska zalo\u017eba Novo mesto 1995, lepo ohranjeno &nbsp;<\/p>\n","protected":false},"featured_media":6166,"template":"","meta":{"_monsterinsights_skip_tracking":false,"_monsterinsights_sitenote_active":false,"_monsterinsights_sitenote_note":"","_monsterinsights_sitenote_category":0},"product_brand":[],"product_cat":[17,19,16,30,43],"product_tag":[],"class_list":{"0":"post-6341","1":"product","2":"type-product","3":"status-publish","4":"has-post-thumbnail","6":"product_cat-antikvarne-knjige","7":"product_cat-humanistika-druzboslovje","8":"product_cat-katalog-knjig","9":"product_cat-religija","10":"product_cat-zgodovina-domoznanstvo","12":"first","13":"instock","14":"taxable","15":"shipping-taxable","16":"purchasable","17":"product-type-simple"},"jetpack_sharing_enabled":true,"_links":{"self":[{"href":"https:\/\/www.antikvariat-vodnik.si\/index.php?rest_route=\/wp\/v2\/product\/6341","targetHints":{"allow":["GET"]}}],"collection":[{"href":"https:\/\/www.antikvariat-vodnik.si\/index.php?rest_route=\/wp\/v2\/product"}],"about":[{"href":"https:\/\/www.antikvariat-vodnik.si\/index.php?rest_route=\/wp\/v2\/types\/product"}],"wp:featuredmedia":[{"embeddable":true,"href":"https:\/\/www.antikvariat-vodnik.si\/index.php?rest_route=\/wp\/v2\/media\/6166"}],"wp:attachment":[{"href":"https:\/\/www.antikvariat-vodnik.si\/index.php?rest_route=%2Fwp%2Fv2%2Fmedia&parent=6341"}],"wp:term":[{"taxonomy":"product_brand","embeddable":true,"href":"https:\/\/www.antikvariat-vodnik.si\/index.php?rest_route=%2Fwp%2Fv2%2Fproduct_brand&post=6341"},{"taxonomy":"product_cat","embeddable":true,"href":"https:\/\/www.antikvariat-vodnik.si\/index.php?rest_route=%2Fwp%2Fv2%2Fproduct_cat&post=6341"},{"taxonomy":"product_tag","embeddable":true,"href":"https:\/\/www.antikvariat-vodnik.si\/index.php?rest_route=%2Fwp%2Fv2%2Fproduct_tag&post=6341"}],"curies":[{"name":"wp","href":"https:\/\/api.w.org\/{rel}","templated":true}]}}