{"id":62940,"date":"2025-01-31T13:41:06","date_gmt":"2025-01-31T12:41:06","guid":{"rendered":"https:\/\/www.antikvariat-vodnik.si\/?post_type=product&#038;p=62940"},"modified":"2025-01-31T13:41:09","modified_gmt":"2025-01-31T12:41:09","slug":"skodelica-zivljenja-kako-se-soociti-z-anksiozno-motnjo-tatjana-grca","status":"publish","type":"product","link":"https:\/\/www.antikvariat-vodnik.si\/?product=skodelica-zivljenja-kako-se-soociti-z-anksiozno-motnjo-tatjana-grca","title":{"rendered":"SKODELICA \u017dIVLJENJA; KAKO SE SOO\u010cITI Z ANKSIOZNO MOTNJO, Tatjana Gr\u010da"},"content":{"rendered":"<p>280 strani, trda vezava, 24 cm, samozal., 2020, lepo ohranjena.<\/p>\n","protected":false},"excerpt":{"rendered":"<p>280 strani, trda vezava, 24 cm, samozal., 2020, lepo ohranjena.<\/p>\n","protected":false},"featured_media":62942,"template":"","meta":{"_monsterinsights_skip_tracking":false,"_monsterinsights_sitenote_active":false,"_monsterinsights_sitenote_note":"","_monsterinsights_sitenote_category":0},"product_brand":[],"product_cat":[17,16,89,51,26],"product_tag":[],"class_list":{"0":"post-62940","1":"product","2":"type-product","3":"status-publish","4":"has-post-thumbnail","6":"product_cat-antikvarne-knjige","7":"product_cat-katalog-knjig","8":"product_cat-osebna-rast","9":"product_cat-popularna-psihologija-ezoterika","10":"product_cat-prirocniki-uporabne-vede-duhovnost","12":"first","13":"instock","14":"taxable","15":"shipping-taxable","16":"purchasable","17":"product-type-simple"},"jetpack_sharing_enabled":true,"_links":{"self":[{"href":"https:\/\/www.antikvariat-vodnik.si\/index.php?rest_route=\/wp\/v2\/product\/62940","targetHints":{"allow":["GET"]}}],"collection":[{"href":"https:\/\/www.antikvariat-vodnik.si\/index.php?rest_route=\/wp\/v2\/product"}],"about":[{"href":"https:\/\/www.antikvariat-vodnik.si\/index.php?rest_route=\/wp\/v2\/types\/product"}],"wp:featuredmedia":[{"embeddable":true,"href":"https:\/\/www.antikvariat-vodnik.si\/index.php?rest_route=\/wp\/v2\/media\/62942"}],"wp:attachment":[{"href":"https:\/\/www.antikvariat-vodnik.si\/index.php?rest_route=%2Fwp%2Fv2%2Fmedia&parent=62940"}],"wp:term":[{"taxonomy":"product_brand","embeddable":true,"href":"https:\/\/www.antikvariat-vodnik.si\/index.php?rest_route=%2Fwp%2Fv2%2Fproduct_brand&post=62940"},{"taxonomy":"product_cat","embeddable":true,"href":"https:\/\/www.antikvariat-vodnik.si\/index.php?rest_route=%2Fwp%2Fv2%2Fproduct_cat&post=62940"},{"taxonomy":"product_tag","embeddable":true,"href":"https:\/\/www.antikvariat-vodnik.si\/index.php?rest_route=%2Fwp%2Fv2%2Fproduct_tag&post=62940"}],"curies":[{"name":"wp","href":"https:\/\/api.w.org\/{rel}","templated":true}]}}