{"id":62389,"date":"2025-01-17T17:37:20","date_gmt":"2025-01-17T16:37:20","guid":{"rendered":"https:\/\/www.antikvariat-vodnik.si\/?post_type=product&#038;p=62389"},"modified":"2025-03-25T14:07:32","modified_gmt":"2025-03-25T13:07:32","slug":"prepricevanje-in-ocenjevanje-skod-od-divjadi-na-kmetijskih-rastlinah-lojze-cerne","status":"publish","type":"product","link":"https:\/\/www.antikvariat-vodnik.si\/?product=prepricevanje-in-ocenjevanje-skod-od-divjadi-na-kmetijskih-rastlinah-lojze-cerne","title":{"rendered":"PREPRI\u010cEVANJE IN OCENJEVANJE \u0160KOD OD DIVJADI NA KMETIJSKIH RASTLINAH, Lojze \u010cerne"},"content":{"rendered":"<p>140 strani, trda vezava, 19.5 cm, Lovska zveza Slovenije, 1990, lepo ohranjena.<\/p>\n","protected":false},"excerpt":{"rendered":"<p>140 strani, trda vezava, 19.5 cm, Lovska zveza Slovenije, 1990, lepo ohranjena.<\/p>\n","protected":false},"featured_media":62390,"template":"","meta":{"_monsterinsights_skip_tracking":false,"_monsterinsights_sitenote_active":false,"_monsterinsights_sitenote_note":"","_monsterinsights_sitenote_category":0},"product_brand":[],"product_cat":[17,16,26,53],"product_tag":[],"class_list":{"0":"post-62389","1":"product","2":"type-product","3":"status-publish","4":"has-post-thumbnail","6":"product_cat-antikvarne-knjige","7":"product_cat-katalog-knjig","8":"product_cat-prirocniki-uporabne-vede-duhovnost","9":"product_cat-rastline-vrt-zivali","11":"first","12":"outofstock","13":"taxable","14":"shipping-taxable","15":"purchasable","16":"product-type-simple"},"jetpack_sharing_enabled":true,"_links":{"self":[{"href":"https:\/\/www.antikvariat-vodnik.si\/index.php?rest_route=\/wp\/v2\/product\/62389","targetHints":{"allow":["GET"]}}],"collection":[{"href":"https:\/\/www.antikvariat-vodnik.si\/index.php?rest_route=\/wp\/v2\/product"}],"about":[{"href":"https:\/\/www.antikvariat-vodnik.si\/index.php?rest_route=\/wp\/v2\/types\/product"}],"wp:featuredmedia":[{"embeddable":true,"href":"https:\/\/www.antikvariat-vodnik.si\/index.php?rest_route=\/wp\/v2\/media\/62390"}],"wp:attachment":[{"href":"https:\/\/www.antikvariat-vodnik.si\/index.php?rest_route=%2Fwp%2Fv2%2Fmedia&parent=62389"}],"wp:term":[{"taxonomy":"product_brand","embeddable":true,"href":"https:\/\/www.antikvariat-vodnik.si\/index.php?rest_route=%2Fwp%2Fv2%2Fproduct_brand&post=62389"},{"taxonomy":"product_cat","embeddable":true,"href":"https:\/\/www.antikvariat-vodnik.si\/index.php?rest_route=%2Fwp%2Fv2%2Fproduct_cat&post=62389"},{"taxonomy":"product_tag","embeddable":true,"href":"https:\/\/www.antikvariat-vodnik.si\/index.php?rest_route=%2Fwp%2Fv2%2Fproduct_tag&post=62389"}],"curies":[{"name":"wp","href":"https:\/\/api.w.org\/{rel}","templated":true}]}}