{"id":62208,"date":"2025-01-11T17:04:52","date_gmt":"2025-01-11T16:04:52","guid":{"rendered":"https:\/\/www.antikvariat-vodnik.si\/?post_type=product&#038;p=62208"},"modified":"2025-01-11T17:05:08","modified_gmt":"2025-01-11T16:05:08","slug":"metafizika-besede-peter-kovacic-persin","status":"publish","type":"product","link":"https:\/\/www.antikvariat-vodnik.si\/?product=metafizika-besede-peter-kovacic-persin","title":{"rendered":"METAFIZIKA BESEDE, Peter Kova\u010di\u010d Per\u0161in"},"content":{"rendered":"<p>220 strani, mehka vezava, 20,5 cm, Dru\u0161tvo 2000, 2001, lepo ohranjena.<\/p>\n","protected":false},"excerpt":{"rendered":"<p>220 strani, mehka vezava, 20,5 cm, Dru\u0161tvo 2000, 2001, lepo ohranjena.<\/p>\n","protected":false},"featured_media":62210,"template":"","meta":{"_monsterinsights_skip_tracking":false,"_monsterinsights_sitenote_active":false,"_monsterinsights_sitenote_note":"","_monsterinsights_sitenote_category":0},"product_brand":[],"product_cat":[17,88,19,16,46],"product_tag":[],"class_list":{"0":"post-62208","1":"product","2":"type-product","3":"status-publish","4":"has-post-thumbnail","6":"product_cat-antikvarne-knjige","7":"product_cat-filozofija-psihologija-sociologija","8":"product_cat-humanistika-druzboslovje","9":"product_cat-katalog-knjig","10":"product_cat-literarna-teorija","12":"first","13":"instock","14":"taxable","15":"shipping-taxable","16":"purchasable","17":"product-type-simple"},"jetpack_sharing_enabled":true,"_links":{"self":[{"href":"https:\/\/www.antikvariat-vodnik.si\/index.php?rest_route=\/wp\/v2\/product\/62208","targetHints":{"allow":["GET"]}}],"collection":[{"href":"https:\/\/www.antikvariat-vodnik.si\/index.php?rest_route=\/wp\/v2\/product"}],"about":[{"href":"https:\/\/www.antikvariat-vodnik.si\/index.php?rest_route=\/wp\/v2\/types\/product"}],"wp:featuredmedia":[{"embeddable":true,"href":"https:\/\/www.antikvariat-vodnik.si\/index.php?rest_route=\/wp\/v2\/media\/62210"}],"wp:attachment":[{"href":"https:\/\/www.antikvariat-vodnik.si\/index.php?rest_route=%2Fwp%2Fv2%2Fmedia&parent=62208"}],"wp:term":[{"taxonomy":"product_brand","embeddable":true,"href":"https:\/\/www.antikvariat-vodnik.si\/index.php?rest_route=%2Fwp%2Fv2%2Fproduct_brand&post=62208"},{"taxonomy":"product_cat","embeddable":true,"href":"https:\/\/www.antikvariat-vodnik.si\/index.php?rest_route=%2Fwp%2Fv2%2Fproduct_cat&post=62208"},{"taxonomy":"product_tag","embeddable":true,"href":"https:\/\/www.antikvariat-vodnik.si\/index.php?rest_route=%2Fwp%2Fv2%2Fproduct_tag&post=62208"}],"curies":[{"name":"wp","href":"https:\/\/api.w.org\/{rel}","templated":true}]}}