{"id":61894,"date":"2025-01-05T14:41:15","date_gmt":"2025-01-05T13:41:15","guid":{"rendered":"https:\/\/www.antikvariat-vodnik.si\/?post_type=product&#038;p=61894"},"modified":"2025-01-05T14:41:31","modified_gmt":"2025-01-05T13:41:31","slug":"mali-vedez-retorike-vescina-javnega-govorjenja-in-nastopanja-zdravko-zupancic","status":"publish","type":"product","link":"https:\/\/www.antikvariat-vodnik.si\/?product=mali-vedez-retorike-vescina-javnega-govorjenja-in-nastopanja-zdravko-zupancic","title":{"rendered":"MALI VEDE\u017d RETORIKE; VE\u0160\u010cINA JAVNEGA GOVORJENJA IN NASTOPANJA, Zdravko Zupan\u010di\u010d"},"content":{"rendered":"<p>108 strani, trda vezava, 21 cm, Pravlji\u010dno gledali\u0161\u010de, 1994, lepo ohranjena.<\/p>\n","protected":false},"excerpt":{"rendered":"<p>108 strani, trda vezava, 21 cm, Pravlji\u010dno gledali\u0161\u010de, 1994, lepo ohranjena.<\/p>\n","protected":false},"featured_media":61896,"template":"","meta":{"_monsterinsights_skip_tracking":false,"_monsterinsights_sitenote_active":false,"_monsterinsights_sitenote_note":"","_monsterinsights_sitenote_category":0},"product_brand":[],"product_cat":[17,16,89,26],"product_tag":[],"class_list":{"0":"post-61894","1":"product","2":"type-product","3":"status-publish","4":"has-post-thumbnail","6":"product_cat-antikvarne-knjige","7":"product_cat-katalog-knjig","8":"product_cat-osebna-rast","9":"product_cat-prirocniki-uporabne-vede-duhovnost","11":"first","12":"instock","13":"taxable","14":"shipping-taxable","15":"purchasable","16":"product-type-simple"},"jetpack_sharing_enabled":true,"_links":{"self":[{"href":"https:\/\/www.antikvariat-vodnik.si\/index.php?rest_route=\/wp\/v2\/product\/61894","targetHints":{"allow":["GET"]}}],"collection":[{"href":"https:\/\/www.antikvariat-vodnik.si\/index.php?rest_route=\/wp\/v2\/product"}],"about":[{"href":"https:\/\/www.antikvariat-vodnik.si\/index.php?rest_route=\/wp\/v2\/types\/product"}],"wp:featuredmedia":[{"embeddable":true,"href":"https:\/\/www.antikvariat-vodnik.si\/index.php?rest_route=\/wp\/v2\/media\/61896"}],"wp:attachment":[{"href":"https:\/\/www.antikvariat-vodnik.si\/index.php?rest_route=%2Fwp%2Fv2%2Fmedia&parent=61894"}],"wp:term":[{"taxonomy":"product_brand","embeddable":true,"href":"https:\/\/www.antikvariat-vodnik.si\/index.php?rest_route=%2Fwp%2Fv2%2Fproduct_brand&post=61894"},{"taxonomy":"product_cat","embeddable":true,"href":"https:\/\/www.antikvariat-vodnik.si\/index.php?rest_route=%2Fwp%2Fv2%2Fproduct_cat&post=61894"},{"taxonomy":"product_tag","embeddable":true,"href":"https:\/\/www.antikvariat-vodnik.si\/index.php?rest_route=%2Fwp%2Fv2%2Fproduct_tag&post=61894"}],"curies":[{"name":"wp","href":"https:\/\/api.w.org\/{rel}","templated":true}]}}