{"id":61889,"date":"2025-01-05T14:31:26","date_gmt":"2025-01-05T13:31:26","guid":{"rendered":"https:\/\/www.antikvariat-vodnik.si\/?post_type=product&#038;p=61889"},"modified":"2025-01-05T14:32:29","modified_gmt":"2025-01-05T13:32:29","slug":"sarajevo-ranjeni-grad-miroslav-prstojevic","status":"publish","type":"product","link":"https:\/\/www.antikvariat-vodnik.si\/?product=sarajevo-ranjeni-grad-miroslav-prstojevic","title":{"rendered":"SARAJEVO; RANJENI GRAD, Miroslav Prstojevi\u0107"},"content":{"rendered":"<p>312 strani, trda vezava (s \u0161\u010ditnim ovitkom), 30 cm, Ideja, 1994, lepo ohranjena.<\/p>\n","protected":false},"excerpt":{"rendered":"<p>312 strani, trda vezava (s \u0161\u010ditnim ovitkom), 30 cm, Ideja, 1994, lepo ohranjena.<\/p>\n","protected":false},"featured_media":61890,"template":"","meta":{"_monsterinsights_skip_tracking":false,"_monsterinsights_sitenote_active":false,"_monsterinsights_sitenote_note":"","_monsterinsights_sitenote_category":0},"product_brand":[],"product_cat":[17,19,16,28,75,43],"product_tag":[],"class_list":{"0":"post-61889","1":"product","2":"type-product","3":"status-publish","4":"has-post-thumbnail","6":"product_cat-antikvarne-knjige","7":"product_cat-humanistika-druzboslovje","8":"product_cat-katalog-knjig","9":"product_cat-knjige-v-tujih-jezikih","10":"product_cat-srbski-hrvaski-jezik","11":"product_cat-zgodovina-domoznanstvo","13":"first","14":"instock","15":"taxable","16":"shipping-taxable","17":"purchasable","18":"product-type-simple"},"jetpack_sharing_enabled":true,"_links":{"self":[{"href":"https:\/\/www.antikvariat-vodnik.si\/index.php?rest_route=\/wp\/v2\/product\/61889","targetHints":{"allow":["GET"]}}],"collection":[{"href":"https:\/\/www.antikvariat-vodnik.si\/index.php?rest_route=\/wp\/v2\/product"}],"about":[{"href":"https:\/\/www.antikvariat-vodnik.si\/index.php?rest_route=\/wp\/v2\/types\/product"}],"wp:featuredmedia":[{"embeddable":true,"href":"https:\/\/www.antikvariat-vodnik.si\/index.php?rest_route=\/wp\/v2\/media\/61890"}],"wp:attachment":[{"href":"https:\/\/www.antikvariat-vodnik.si\/index.php?rest_route=%2Fwp%2Fv2%2Fmedia&parent=61889"}],"wp:term":[{"taxonomy":"product_brand","embeddable":true,"href":"https:\/\/www.antikvariat-vodnik.si\/index.php?rest_route=%2Fwp%2Fv2%2Fproduct_brand&post=61889"},{"taxonomy":"product_cat","embeddable":true,"href":"https:\/\/www.antikvariat-vodnik.si\/index.php?rest_route=%2Fwp%2Fv2%2Fproduct_cat&post=61889"},{"taxonomy":"product_tag","embeddable":true,"href":"https:\/\/www.antikvariat-vodnik.si\/index.php?rest_route=%2Fwp%2Fv2%2Fproduct_tag&post=61889"}],"curies":[{"name":"wp","href":"https:\/\/api.w.org\/{rel}","templated":true}]}}