{"id":61502,"date":"2024-12-21T13:33:05","date_gmt":"2024-12-21T12:33:05","guid":{"rendered":"https:\/\/www.antikvariat-vodnik.si\/?post_type=product&#038;p=61502"},"modified":"2024-12-21T13:33:26","modified_gmt":"2024-12-21T12:33:26","slug":"sto-slovenskih-pripovednikov-helga-glusic","status":"publish","type":"product","link":"https:\/\/www.antikvariat-vodnik.si\/?product=sto-slovenskih-pripovednikov-helga-glusic","title":{"rendered":"STO SLOVENSKIH PRIPOVEDNIKOV, Helga Glu\u0161i\u010d"},"content":{"rendered":"<p>220 strani, trda vezava, 20,5 cm, Pre\u0161ernova dru\u017eba, 1996, lepo ohranjena.<\/p>\n","protected":false},"excerpt":{"rendered":"<p>220 strani, trda vezava, 20,5 cm, Pre\u0161ernova dru\u017eba, 1996, lepo ohranjena.<\/p>\n","protected":false},"featured_media":61503,"template":"","meta":{"_monsterinsights_skip_tracking":false,"_monsterinsights_sitenote_active":false,"_monsterinsights_sitenote_note":"","_monsterinsights_sitenote_category":0},"product_brand":[],"product_cat":[17,21,19,16,46],"product_tag":[],"class_list":{"0":"post-61502","1":"product","2":"type-product","3":"status-publish","4":"has-post-thumbnail","6":"product_cat-antikvarne-knjige","7":"product_cat-biografije","8":"product_cat-humanistika-druzboslovje","9":"product_cat-katalog-knjig","10":"product_cat-literarna-teorija","12":"first","13":"instock","14":"taxable","15":"shipping-taxable","16":"purchasable","17":"product-type-simple"},"jetpack_sharing_enabled":true,"_links":{"self":[{"href":"https:\/\/www.antikvariat-vodnik.si\/index.php?rest_route=\/wp\/v2\/product\/61502","targetHints":{"allow":["GET"]}}],"collection":[{"href":"https:\/\/www.antikvariat-vodnik.si\/index.php?rest_route=\/wp\/v2\/product"}],"about":[{"href":"https:\/\/www.antikvariat-vodnik.si\/index.php?rest_route=\/wp\/v2\/types\/product"}],"wp:featuredmedia":[{"embeddable":true,"href":"https:\/\/www.antikvariat-vodnik.si\/index.php?rest_route=\/wp\/v2\/media\/61503"}],"wp:attachment":[{"href":"https:\/\/www.antikvariat-vodnik.si\/index.php?rest_route=%2Fwp%2Fv2%2Fmedia&parent=61502"}],"wp:term":[{"taxonomy":"product_brand","embeddable":true,"href":"https:\/\/www.antikvariat-vodnik.si\/index.php?rest_route=%2Fwp%2Fv2%2Fproduct_brand&post=61502"},{"taxonomy":"product_cat","embeddable":true,"href":"https:\/\/www.antikvariat-vodnik.si\/index.php?rest_route=%2Fwp%2Fv2%2Fproduct_cat&post=61502"},{"taxonomy":"product_tag","embeddable":true,"href":"https:\/\/www.antikvariat-vodnik.si\/index.php?rest_route=%2Fwp%2Fv2%2Fproduct_tag&post=61502"}],"curies":[{"name":"wp","href":"https:\/\/api.w.org\/{rel}","templated":true}]}}