{"id":61425,"date":"2024-12-18T11:53:19","date_gmt":"2024-12-18T10:53:19","guid":{"rendered":"https:\/\/www.antikvariat-vodnik.si\/?post_type=product&#038;p=61425"},"modified":"2024-12-18T11:53:20","modified_gmt":"2024-12-18T10:53:20","slug":"zbogom-utrujenost-kako-do-vec-energije-2-sanja-loncar","status":"publish","type":"product","link":"https:\/\/www.antikvariat-vodnik.si\/?product=zbogom-utrujenost-kako-do-vec-energije-2-sanja-loncar","title":{"rendered":"Zbogom, utrujenost : kako do ve\u010d energije 2, Sanja Lon\u010dar"},"content":{"rendered":"<p><strong>Kaj si lahko obetamo od kave, \u010daja, guarane in kakava in kako jih varno uporabiti?<\/strong><\/p>\n<ul>\n<li>Poznate ob\u010dutek, ko zjutraj telo nikakor no\u010de \u201cza\u010deti z delom\u201d?<\/li>\n<li>Ko se megla v glavi nikakor ne razkadi?<\/li>\n<li>Ko kava ne prime ve\u010d?<\/li>\n<\/ul>\n<p><strong>Potem je \u010das, da odkrijete najbolj regenerativne rastline na tem planetu, ki zmorejo umiriti na\u0161 um, okrepiti telo in na naraven na\u010din pove\u010dati proizvodnjo celi\u010dne energije.<\/strong><\/p>\n<hr \/>\n<p><strong>Odli\u010dna novica je, da obstajajo in so danes preprosto dosegljive.<\/strong> Slaba novica pa je, da jih Zahodnjaki zelo slabo poznamo in tudi ne vemo, kako bi jih uporabili.<\/p>\n<p>V tej knjigi smo se zato poglobili ne le v mo\u010di stimulansov, temve\u010d tudi v mo\u010di tonikov in adaptogenov \u2013 najbolj \u010da\u0161\u010denih rastlin kitajske, indijske, sibirske in tibetanske medicine.<\/p>\n<p><strong>Izgorelost postaja nova pandemija, in ker res potrebujemo nekaj, kar deluje, nam pomaga in hkrati ne \u0161koduje, <\/strong>smo preu\u010dili, kaj zmorejo \u010daga, a\u0161vaganda, ganoderma, ginseng, sibirski ginseng, rodiola, kordiceps, astragalus \u2026<\/p>\n<p>Vam zveni kot slovar tujk? Vse se bo spremenilo, <strong>ko boste ugotovili, kaj vse lahko te rastline naredijo za nas in na kak\u0161ne okusne na\u010dine jih lahko pripravimo.<\/strong><\/p>\n<hr \/>\n<p><strong>O avtorjih<\/strong><\/p>\n<p><strong>Sanja Lon\u010dar<\/strong><br \/>\nSanja Lon\u010dar \u017ee od leta 2005 vodi najve\u010dje slovensko nevladno gibanje \u2013 projekt Skupaj za zdravje \u010dloveka in narave, ki raziskuje \u0161tevilne naravne re\u0161itve za te\u017eave sodobnega \u010dloveka. Je urednica in soavtorica 23 knji\u017enih uspe\u0161nic, od katerih je 7 prevedenih v nem\u0161ki jezik: Naravne re\u0161itve za te\u017eave z virusi (2021), Samooskrba v praksi (2020), Kako do ve\u010d energije (2019), Sve\u017ea zelenjava 365 dni v letu (2018), Zdravilna mo\u010d za\u010dimb za otroke (2018), Naravne re\u0161itve za bole\u010dine (2018), Kako ohraniti mo\u017egane (2017), Uravnajte \u0161\u010ditnico (2017), \u0160\u010depec ustvarjanja (2016), Naravne re\u0161itve za radiacijo (2016), Konec zgage in ostalih \u017eelod\u010dnih te\u017eav (2016), Adijo prehladi (2016), \u0160\u010depec v\u00e9denja (2013), \u0160\u010depec re\u0161itve (2012) &#8230;Deluje kot predavateljica, publicistka, urednica, novinarka in raziskovalka. Predava in vodi seminarje za strokovno in splo\u0161no javnost v Sloveniji, na Hrva\u0161kem, v Avstriji in Nem\u010diji. Vodi tudi informacijsko sredi\u0161\u010de Zazdravje.net in izobra\u017eevalni portal Delavnice.zazdravje.net ter ureja tiskano glasilo Zazdravje.net.<\/p>\n<p><strong>dr. Mateja Lobe Prebil &#8211; dr. vet. med.<\/strong><br \/>\nMateja Lobe Prebil je za\u010dela svojo profesionalno delo z \u017eivalmi in je v Ljubljani uspe\u0161no zaklju\u010dila Veterinarsko fakulteto, nato pa \u0161e na Medicinski fakulteti podiplomski \u0161tudij na podro\u010dju metabolizma astrocitov. Pot jo je nato vodila v ve\u010dletno delo z zdravilnimi rastlinami. Od nekdaj je prijateljica narave in strastna raziskovalka. Kot zdravilka je zaposlena v Holisti\u010dni ordinaciji Golenhofen. Hvale\u017ena je za vsako edinstveno zgodbo, ki ji jo zaupajo tisti, ki se k njej obrnejo po pomo\u010d.<\/p>\n<p><strong>Jasmina Kandorfer<\/strong><br \/>\nJasmina Kandorfer je kot zdravstveni delavec izbrala druga\u010dno pot, da prispeva k zdravju ljudi. \u017de ve\u010d kot desetletje \u0161iri uporabne informacije za zdravje in dobro po\u010dutje v televizijski oddaji Klepet ob kavi. Je tudi avtorica \u0161tevilnih knjig, svetovna popotnica ter raziskovalka adaptogenih rastlin in &#8220;biohacker&#8221;.<\/p>\n<p><strong>mag. Eva Nedelko<\/strong><br \/>\nMag. Eva Nedelko je certificirana holisti\u010dna aromaterapevtka, ljubiteljica starih di\u0161e\u010dih sort vrtnic, destilerka lastne linije energijsko polnih eteri\u010dnih olj EYWINEO, avtorica \u010dlankov in predavateljica. Je ljubiteljica narave in ozave\u0161\u010denega na\u010dina \u017eivljenja ter lastnica Di\u0161avnega vrta pri Vidi, odprtega za javnost.<\/p>\n<p><strong>Maria Ana Kolman<\/strong><br \/>\nMaria Ana Kolman je raziskovalka kulture, mitologije in ljudskega zdravilstva Sibirije, predavateljica in avtorica \u0161tevilnih \u010dlankov ter do sedaj izdanih treh knjig.<\/p>\n<p><strong>Sabina Topolovec<\/strong><br \/>\nSabina Topolovec je urednica spletnih tedenskih novic Zazdravje.net, avtorica \u0161tevilnih prispevkov, soavtorica ve\u010d knjig, med drugim tudi trilogije o za\u010dimbah \u0160\u010depec in avtorica knjige Zdravilna mo\u010d za\u010dimb za otroke. Posebej jo zanimata podro\u010dji zdravja otrok in priprave zdravih obrokov. O teh in drugih temah predava in vodi delavnice v Sloveniji, Avstriji in Nem\u010diji. V projektu sodeluje od leta 2009.<\/p>\n","protected":false},"excerpt":{"rendered":"<p>Kaj si lahko obetamo od kave, \u010daja, guarane in kakava in kako jih varno uporabiti? Poznate ob\u010dutek, ko zjutraj telo nikakor no\u010de \u201cza\u010deti z delom\u201d? Ko se megla v glavi nikakor ne razkadi? Ko kava ne prime ve\u010d? Potem je \u010das, da odkrijete najbolj regenerativne rastline na tem planetu, ki zmorejo umiriti na\u0161 um, okrepiti [&hellip;]<\/p>\n","protected":false},"featured_media":61426,"template":"","meta":{"_monsterinsights_skip_tracking":false,"_monsterinsights_sitenote_active":false,"_monsterinsights_sitenote_note":"","_monsterinsights_sitenote_category":0},"product_brand":[],"product_cat":[16,18,41],"product_tag":[],"class_list":{"0":"post-61425","1":"product","2":"type-product","3":"status-publish","4":"has-post-thumbnail","6":"product_cat-katalog-knjig","7":"product_cat-nove-knjige","8":"product_cat-zdravje-kulinarika","10":"first","11":"instock","12":"taxable","13":"shipping-taxable","14":"purchasable","15":"product-type-simple"},"jetpack_sharing_enabled":true,"_links":{"self":[{"href":"https:\/\/www.antikvariat-vodnik.si\/index.php?rest_route=\/wp\/v2\/product\/61425","targetHints":{"allow":["GET"]}}],"collection":[{"href":"https:\/\/www.antikvariat-vodnik.si\/index.php?rest_route=\/wp\/v2\/product"}],"about":[{"href":"https:\/\/www.antikvariat-vodnik.si\/index.php?rest_route=\/wp\/v2\/types\/product"}],"wp:featuredmedia":[{"embeddable":true,"href":"https:\/\/www.antikvariat-vodnik.si\/index.php?rest_route=\/wp\/v2\/media\/61426"}],"wp:attachment":[{"href":"https:\/\/www.antikvariat-vodnik.si\/index.php?rest_route=%2Fwp%2Fv2%2Fmedia&parent=61425"}],"wp:term":[{"taxonomy":"product_brand","embeddable":true,"href":"https:\/\/www.antikvariat-vodnik.si\/index.php?rest_route=%2Fwp%2Fv2%2Fproduct_brand&post=61425"},{"taxonomy":"product_cat","embeddable":true,"href":"https:\/\/www.antikvariat-vodnik.si\/index.php?rest_route=%2Fwp%2Fv2%2Fproduct_cat&post=61425"},{"taxonomy":"product_tag","embeddable":true,"href":"https:\/\/www.antikvariat-vodnik.si\/index.php?rest_route=%2Fwp%2Fv2%2Fproduct_tag&post=61425"}],"curies":[{"name":"wp","href":"https:\/\/api.w.org\/{rel}","templated":true}]}}