{"id":61416,"date":"2024-12-17T13:53:16","date_gmt":"2024-12-17T12:53:16","guid":{"rendered":"https:\/\/www.antikvariat-vodnik.si\/?post_type=product&#038;p=61416"},"modified":"2024-12-17T13:53:17","modified_gmt":"2024-12-17T12:53:17","slug":"osvoboditev-od-slepila-knjiga-o-egu-osho","status":"publish","type":"product","link":"https:\/\/www.antikvariat-vodnik.si\/?product=osvoboditev-od-slepila-knjiga-o-egu-osho","title":{"rendered":"Osvoboditev od slepila: knjiga o egu, Osho"},"content":{"rendered":"<p><strong>Ego obstaja, dokler ne pozna\u0161 svojega pravega jaza. <\/strong>Obstaja pa zato, ker so se tvoji star\u0161i, tvoji u\u010ditelji, tvoji duhovniki, tvoji voditelji vsi po vrsti strinjali, da ne bi bilo dobro, \u010de bi ti spoznal sebe. Zato so sklenili, da ti morajo \u017ee vnaprej dati la\u017een nadomestek, liziko.<\/p>\n<hr \/>\n<p><strong>Tvoj ego je opij, ki so ti ga dali.<\/strong>\u00a0Sicer ti je bilo namenjeno odkriti svoj pravi jaz. A br\u017e ko sprejme\u0161 ego kot svoj pravi jaz, se vsakr\u0161no poizvedovanje ustavi. Ego ima namen, vendar ne slu\u017ei tebi ali tvojim interesom.\u00a0<strong>Slu\u017ei le prikritim interesom drugih.<\/strong><\/p>\n<p><strong>Kar zadeva tebe, te tvoj ego ubije, povsem ti uni\u010di \u017eivljenje.<\/strong>\u00a0\u017divi\u0161 v zmoti, neiskreno, zlagano, saj vse tvoje po\u010detje izhaja iz neresni\u010dne osnove!<\/p>\n<hr \/>\n<p><strong>Vendar tvoje spra\u0161evanje \u0161e ni spoznanje.<\/strong>\u00a0\u010ce tvoja trditev \u00bbEgo nima niti namena niti smisla, sploh ga ni\u00ab odra\u017ea tvoje spoznanje, zakaj potem zastavlja\u0161 vpra\u0161anja? Trditev \u0161e ni spoznanje.<\/p>\n<hr \/>\n<p>Prosim, ne daj se zavesti! Dru\u017eba je izredno pretkana, ustvarila je res mo\u010dan ego, tako da ga nikoli ne bi mogel prese\u010di. Vendar obstajajo metode in tehnike za preseganje ega. In \u0161ele ko ga prese\u017ee\u0161, postane nesmiseln, nesmotrn \u2013 izgine.<\/p>\n<p><strong>To je vse Oshovo delo: pripraviti te do spoznanja svojega pravega sredi\u0161\u010da, da bi se moglo neresni\u010dno razbliniti.<\/strong><\/p>\n<hr \/>\n<p><em>\u00bb\u017divljenje je nenavadno.<\/em><\/p>\n<p><em>Kralji so v\u010dasih bera\u010di in bera\u010di so kralji.<\/em><\/p>\n<p><em>Naj te videz ne zavaja!<\/em><\/p>\n<p><em>Poglej navznoter!\u00ab<\/em><\/p>\n<hr \/>\n<p><strong>OSHO<\/strong>, sodobni mistik, \u010digar \u017eivljenje in u\u010denje vplivata na milijone ljudi vseh starosti in poklicev, je britanski Sunday Times razglasil za enega od \u00bb1000 ljudi, ki so zaznamovali dvajseto stoletje\u00ab. Njegove mednarodne knji\u017ene uspe\u0161nice so na voljo v 58 jezikih po vsem svetu.<\/p>\n<p><em>\u00bbKot Sokrat je veljal za \u010dloveka, ki bo spridil moralo mladine. Kot vsi pravi filozofi je uni\u010dil sistem vrednot in prepri\u010danj, ki je porajal samo nesre\u010dnost, ne sre\u010de.\u00ab<\/em><br \/>\n<strong>&#8211; Revija Elle<\/strong><\/p>\n","protected":false},"excerpt":{"rendered":"<p>Ego obstaja, dokler ne pozna\u0161 svojega pravega jaza. Obstaja pa zato, ker so se tvoji star\u0161i, tvoji u\u010ditelji, tvoji duhovniki, tvoji voditelji vsi po vrsti strinjali, da ne bi bilo dobro, \u010de bi ti spoznal sebe. Zato so sklenili, da ti morajo \u017ee vnaprej dati la\u017een nadomestek, liziko. Tvoj ego je opij, ki so ti [&hellip;]<\/p>\n","protected":false},"featured_media":61417,"template":"","meta":{"_monsterinsights_skip_tracking":false,"_monsterinsights_sitenote_active":false,"_monsterinsights_sitenote_note":"","_monsterinsights_sitenote_category":0},"product_brand":[],"product_cat":[37,16,18],"product_tag":[],"class_list":{"0":"post-61416","1":"product","2":"type-product","3":"status-publish","4":"has-post-thumbnail","6":"product_cat-duhovnost-in-osebna-rast","7":"product_cat-katalog-knjig","8":"product_cat-nove-knjige","10":"first","11":"instock","12":"taxable","13":"shipping-taxable","14":"purchasable","15":"product-type-simple"},"jetpack_sharing_enabled":true,"_links":{"self":[{"href":"https:\/\/www.antikvariat-vodnik.si\/index.php?rest_route=\/wp\/v2\/product\/61416","targetHints":{"allow":["GET"]}}],"collection":[{"href":"https:\/\/www.antikvariat-vodnik.si\/index.php?rest_route=\/wp\/v2\/product"}],"about":[{"href":"https:\/\/www.antikvariat-vodnik.si\/index.php?rest_route=\/wp\/v2\/types\/product"}],"wp:featuredmedia":[{"embeddable":true,"href":"https:\/\/www.antikvariat-vodnik.si\/index.php?rest_route=\/wp\/v2\/media\/61417"}],"wp:attachment":[{"href":"https:\/\/www.antikvariat-vodnik.si\/index.php?rest_route=%2Fwp%2Fv2%2Fmedia&parent=61416"}],"wp:term":[{"taxonomy":"product_brand","embeddable":true,"href":"https:\/\/www.antikvariat-vodnik.si\/index.php?rest_route=%2Fwp%2Fv2%2Fproduct_brand&post=61416"},{"taxonomy":"product_cat","embeddable":true,"href":"https:\/\/www.antikvariat-vodnik.si\/index.php?rest_route=%2Fwp%2Fv2%2Fproduct_cat&post=61416"},{"taxonomy":"product_tag","embeddable":true,"href":"https:\/\/www.antikvariat-vodnik.si\/index.php?rest_route=%2Fwp%2Fv2%2Fproduct_tag&post=61416"}],"curies":[{"name":"wp","href":"https:\/\/api.w.org\/{rel}","templated":true}]}}