{"id":61401,"date":"2024-12-17T13:08:34","date_gmt":"2024-12-17T12:08:34","guid":{"rendered":"https:\/\/www.antikvariat-vodnik.si\/?post_type=product&#038;p=61401"},"modified":"2025-10-16T13:10:02","modified_gmt":"2025-10-16T11:10:02","slug":"biohacking-zdravja-po-matrici-narave-jasmina-kandorfer","status":"publish","type":"product","link":"https:\/\/www.antikvariat-vodnik.si\/?product=biohacking-zdravja-po-matrici-narave-jasmina-kandorfer","title":{"rendered":"Biohacking zdravja: po matrici narave, Jasmina Kandorfer"},"content":{"rendered":"<p>Knjiga <i>Biohacking zdravja po matrici narave<\/i> avtorice <strong>Jasmine Kandorfer<\/strong> je celovit priro\u010dnik za vse, ki \u017eelijo izbolj\u0161ati svoje zdravje in po\u010dutje z naravnimi pristopi. <strong>Avtorica zdru\u017euje starodavne metode zdravljenja in sodobna znanstvena dognanja, da bi bralce spodbudila k optimizaciji telesnega in du\u0161evnega zdravja. <\/strong>Knjiga obravnava \u0161tevilne aspekte \u017eivljenja, kot so prehrana, spanje, dihanje, in samodiagnostika, ter bralcem ponuja prakti\u010dne nasvete, kako izbolj\u0161ati vitalnost in kakovost \u017eivljenja z minimalnimi prilagoditvami v vsakdanjih navadah.<\/p>\n<hr \/>\n<p>V knjigi avtorica poudarja pomen povezovanja z naravnimi ritmi in naravnimi zakonitostmi, kar je osnova biohackinga po njenem pristopu. Gre za zavesten <strong>prevzem odgovornosti za lastno zdravje in uporabo naravnih metod za dosego bolj\u0161ega po\u010dutja.<\/strong> Knjiga je zasnovana kot prakti\u010dni vodnik, ki bralcem omogo\u010da bolj\u0161e razumevanje lastnega telesa in procesov, ki vplivajo na zdravje. \u010ce si \u017eelite bolj\u0161e zdravje, ve\u010d energije in ravnovesje, je to <strong>knjiga, ki vam bo pomagala dose\u010di te cilje. Ne odla\u0161ajte \u2013 Biohacking zdravja po matrici narave je preboj, ki lahko postane va\u0161 vodnik do bolj izpolnjujo\u010dega \u017eivljenja.<\/strong><\/p>\n<hr \/>\n<p><strong>Vsebina knjige vklju\u010duje:<\/strong><\/p>\n<ul>\n<li>Razumevanje lastne biologije in kako izbolj\u0161ati fizi\u010dne ter kognitivne sposobnosti.<\/li>\n<li>Uporabo naravnih ciklov za maksimiziranje telesnega in du\u0161evnega zdravja.<\/li>\n<li>Prakti\u010dne nasvete za samozdravljenje in optimizacijo zdravja na podlagi navad in prehrane.<\/li>\n<li>Globok vpogled v vzroke za bolezni in pred\u010dasno staranje ter metode za njihovo prepre\u010devanje.<\/li>\n<\/ul>\n<hr \/>\n<p><strong>Knjiga je nujno \u010dtivo za vsakogar, ki \u017eeli \u017eiveti bolj zdravo in usklajeno z naravnimi principi, ter je idealna za tiste, ki i\u0161\u010dejo globlje razumevanje sodobnih znanstvenih pristopov k zdravju in dolgo\u017eivosti.<\/strong><\/p>\n<hr \/>\n<p><strong>Mnenja o knjigi;<\/strong><br \/>\n<i>&#8220;Knjigo sem pogoltnila kot kak\u0161no kriminalko. Jasmina nam je na enem mestu stkala poznana, manj znana in tudi prikrita znanja, od danes in neko\u010d. S svojim znanjem, navdu\u0161enostjo, talentom in pridnostjo je spregledala, kam drvi civilizacija, in na\u0161la svoje poti. Pogumno vabi na svoj vlak, kjer bedi nad zavorami.&#8221;<\/i><\/p>\n<p><strong>&#8211; Tanja Ribi\u010d, igralka in aktivistka:<\/strong><\/p>\n<p><i>&#8220;Slediti ciklom narave in \u017eiveti v skladu z njimi je v dana\u0161njih \u010dasih svojevrsten izziv. Hiter na\u010din \u017eivljenja nas je oddaljil od narave, bolj kot bi si \u017eeleli, pa vendar je narava ves \u010das okoli nas in tudi v nas samih. Jasmina nam predaja znanje, s katerim se bomo zopet povezali z naravo. Ko se pove\u017eemo z njo in njeno cikli\u010dnostjo, se pri\u010dnejo dogajati \u010dude\u017ei. To nam daje pogum in mo\u010d, da sli\u0161imo, vidimo in \u010dutimo sebe ter z lahko zaznavamo druge.&#8221;<\/i><\/p>\n<p><strong>&#8211; Dr. Ur\u0161ka Videm\u0161ek, coach za welness, dobro po\u010dutje in podporo \u017eenskam pri neplodnosti<\/strong><\/p>\n<p><i>&#8220;Menim, da je \u010das, da se biohacking predstavi \u0161ir\u0161i publiki. Opaziti je, da smo ljudje v sodobnem \u010dasu izgubili stik s svojimi telesi, biohacking pa ponuja trike in metode, ki nam pomagajo prebroditi zablode modernega \u017eivljenja ter ponovno vzpostaviti povezavo z na\u0161o naravno vitalnostjo. Knjiga je odli\u010dno napisana, polna strokovnih informacij in prakti\u010dnih nasvetov, ki bodo vsakemu bralcu odprli nova obzorja ter ga navdihnili za spremembe v vsakodnevnih navadah.&#8221;<\/i><\/p>\n<p><strong>&#8211; Dr. med. Simona Koren\u010dan, center funkcionalne medicine Vibrium<\/strong><\/p>\n","protected":false},"excerpt":{"rendered":"<p>Knjiga Biohacking zdravja po matrici narave avtorice Jasmine Kandorfer je celovit priro\u010dnik za vse, ki \u017eelijo izbolj\u0161ati svoje zdravje in po\u010dutje z naravnimi pristopi. Avtorica zdru\u017euje starodavne metode zdravljenja in sodobna znanstvena dognanja, da bi bralce spodbudila k optimizaciji telesnega in du\u0161evnega zdravja. Knjiga obravnava \u0161tevilne aspekte \u017eivljenja, kot so prehrana, spanje, dihanje, in samodiagnostika, [&hellip;]<\/p>\n","protected":false},"featured_media":61402,"template":"","meta":{"_monsterinsights_skip_tracking":false,"_monsterinsights_sitenote_active":false,"_monsterinsights_sitenote_note":"","_monsterinsights_sitenote_category":0},"product_brand":[],"product_cat":[16,18,41],"product_tag":[],"class_list":{"0":"post-61401","1":"product","2":"type-product","3":"status-publish","4":"has-post-thumbnail","6":"product_cat-katalog-knjig","7":"product_cat-nove-knjige","8":"product_cat-zdravje-kulinarika","10":"first","11":"instock","12":"taxable","13":"shipping-taxable","14":"purchasable","15":"product-type-simple"},"jetpack_sharing_enabled":true,"_links":{"self":[{"href":"https:\/\/www.antikvariat-vodnik.si\/index.php?rest_route=\/wp\/v2\/product\/61401","targetHints":{"allow":["GET"]}}],"collection":[{"href":"https:\/\/www.antikvariat-vodnik.si\/index.php?rest_route=\/wp\/v2\/product"}],"about":[{"href":"https:\/\/www.antikvariat-vodnik.si\/index.php?rest_route=\/wp\/v2\/types\/product"}],"wp:featuredmedia":[{"embeddable":true,"href":"https:\/\/www.antikvariat-vodnik.si\/index.php?rest_route=\/wp\/v2\/media\/61402"}],"wp:attachment":[{"href":"https:\/\/www.antikvariat-vodnik.si\/index.php?rest_route=%2Fwp%2Fv2%2Fmedia&parent=61401"}],"wp:term":[{"taxonomy":"product_brand","embeddable":true,"href":"https:\/\/www.antikvariat-vodnik.si\/index.php?rest_route=%2Fwp%2Fv2%2Fproduct_brand&post=61401"},{"taxonomy":"product_cat","embeddable":true,"href":"https:\/\/www.antikvariat-vodnik.si\/index.php?rest_route=%2Fwp%2Fv2%2Fproduct_cat&post=61401"},{"taxonomy":"product_tag","embeddable":true,"href":"https:\/\/www.antikvariat-vodnik.si\/index.php?rest_route=%2Fwp%2Fv2%2Fproduct_tag&post=61401"}],"curies":[{"name":"wp","href":"https:\/\/api.w.org\/{rel}","templated":true}]}}