{"id":61287,"date":"2024-12-14T12:34:17","date_gmt":"2024-12-14T11:34:17","guid":{"rendered":"https:\/\/www.antikvariat-vodnik.si\/?post_type=product&#038;p=61287"},"modified":"2024-12-14T12:34:45","modified_gmt":"2024-12-14T11:34:45","slug":"u-vreme-nesigurno-poezija-inspirisana-freskama-zoran-gluscevic","status":"publish","type":"product","link":"https:\/\/www.antikvariat-vodnik.si\/?product=u-vreme-nesigurno-poezija-inspirisana-freskama-zoran-gluscevic","title":{"rendered":"U VREME NESIGURNO; POEZIJA INSPIRISANA FRESKAMA, Zoran Glu\u0161\u010devi\u0107"},"content":{"rendered":"<p>v cirilici, 176 strani, trda vezava, 24 cm, Revija Jugoslovenski Ilus, lepo ohranjena.<\/p>\n","protected":false},"excerpt":{"rendered":"<p>v cirilici, 176 strani, trda vezava, 24 cm, Revija Jugoslovenski Ilus, lepo ohranjena.<\/p>\n","protected":false},"featured_media":61289,"template":"","meta":{"_monsterinsights_skip_tracking":false,"_monsterinsights_sitenote_active":false,"_monsterinsights_sitenote_note":"","_monsterinsights_sitenote_category":0},"product_brand":[],"product_cat":[17,16,28,27,66,59,75,24],"product_tag":[],"class_list":{"0":"post-61287","1":"product","2":"type-product","3":"status-publish","4":"has-post-thumbnail","6":"product_cat-antikvarne-knjige","7":"product_cat-katalog-knjig","8":"product_cat-knjige-v-tujih-jezikih","9":"product_cat-leposlovje","10":"product_cat-poezija","11":"product_cat-slikarstvo-kiparstvo-grafika","12":"product_cat-srbski-hrvaski-jezik","13":"product_cat-umetnost","15":"first","16":"instock","17":"taxable","18":"shipping-taxable","19":"purchasable","20":"product-type-simple"},"jetpack_sharing_enabled":true,"_links":{"self":[{"href":"https:\/\/www.antikvariat-vodnik.si\/index.php?rest_route=\/wp\/v2\/product\/61287","targetHints":{"allow":["GET"]}}],"collection":[{"href":"https:\/\/www.antikvariat-vodnik.si\/index.php?rest_route=\/wp\/v2\/product"}],"about":[{"href":"https:\/\/www.antikvariat-vodnik.si\/index.php?rest_route=\/wp\/v2\/types\/product"}],"wp:featuredmedia":[{"embeddable":true,"href":"https:\/\/www.antikvariat-vodnik.si\/index.php?rest_route=\/wp\/v2\/media\/61289"}],"wp:attachment":[{"href":"https:\/\/www.antikvariat-vodnik.si\/index.php?rest_route=%2Fwp%2Fv2%2Fmedia&parent=61287"}],"wp:term":[{"taxonomy":"product_brand","embeddable":true,"href":"https:\/\/www.antikvariat-vodnik.si\/index.php?rest_route=%2Fwp%2Fv2%2Fproduct_brand&post=61287"},{"taxonomy":"product_cat","embeddable":true,"href":"https:\/\/www.antikvariat-vodnik.si\/index.php?rest_route=%2Fwp%2Fv2%2Fproduct_cat&post=61287"},{"taxonomy":"product_tag","embeddable":true,"href":"https:\/\/www.antikvariat-vodnik.si\/index.php?rest_route=%2Fwp%2Fv2%2Fproduct_tag&post=61287"}],"curies":[{"name":"wp","href":"https:\/\/api.w.org\/{rel}","templated":true}]}}