{"id":61040,"date":"2024-12-07T17:51:04","date_gmt":"2024-12-07T16:51:04","guid":{"rendered":"https:\/\/www.antikvariat-vodnik.si\/?post_type=product&#038;p=61040"},"modified":"2024-12-07T17:51:20","modified_gmt":"2024-12-07T16:51:20","slug":"jesenisko-okrozje-med-nacisticno-okupacijo-in-narodnoosvobodilnim-bojem-ivan-kriznar","status":"publish","type":"product","link":"https:\/\/www.antikvariat-vodnik.si\/?product=jesenisko-okrozje-med-nacisticno-okupacijo-in-narodnoosvobodilnim-bojem-ivan-kriznar","title":{"rendered":"JESENI\u0160KO OKRO\u017dJE MED NACISTI\u010cNO OKUPACIJO IN NARODNOOSVOBODILNIM BOJEM, Ivan Kri\u017enar"},"content":{"rendered":"<p>470 strani, trda vezava, 24 cm, Dru\u0161tvo piscev zgodovine NOB Slovenije, 2000, lepo ohranjena.<\/p>\n","protected":false},"excerpt":{"rendered":"<p>470 strani, trda vezava, 24 cm, Dru\u0161tvo piscev zgodovine NOB Slovenije, 2000, lepo ohranjena.<\/p>\n","protected":false},"featured_media":61042,"template":"","meta":{"_monsterinsights_skip_tracking":false,"_monsterinsights_sitenote_active":false,"_monsterinsights_sitenote_note":"","_monsterinsights_sitenote_category":0},"product_brand":[],"product_cat":[17,19,16,43],"product_tag":[],"class_list":{"0":"post-61040","1":"product","2":"type-product","3":"status-publish","4":"has-post-thumbnail","6":"product_cat-antikvarne-knjige","7":"product_cat-humanistika-druzboslovje","8":"product_cat-katalog-knjig","9":"product_cat-zgodovina-domoznanstvo","11":"first","12":"instock","13":"taxable","14":"shipping-taxable","15":"purchasable","16":"product-type-simple"},"jetpack_sharing_enabled":true,"_links":{"self":[{"href":"https:\/\/www.antikvariat-vodnik.si\/index.php?rest_route=\/wp\/v2\/product\/61040","targetHints":{"allow":["GET"]}}],"collection":[{"href":"https:\/\/www.antikvariat-vodnik.si\/index.php?rest_route=\/wp\/v2\/product"}],"about":[{"href":"https:\/\/www.antikvariat-vodnik.si\/index.php?rest_route=\/wp\/v2\/types\/product"}],"wp:featuredmedia":[{"embeddable":true,"href":"https:\/\/www.antikvariat-vodnik.si\/index.php?rest_route=\/wp\/v2\/media\/61042"}],"wp:attachment":[{"href":"https:\/\/www.antikvariat-vodnik.si\/index.php?rest_route=%2Fwp%2Fv2%2Fmedia&parent=61040"}],"wp:term":[{"taxonomy":"product_brand","embeddable":true,"href":"https:\/\/www.antikvariat-vodnik.si\/index.php?rest_route=%2Fwp%2Fv2%2Fproduct_brand&post=61040"},{"taxonomy":"product_cat","embeddable":true,"href":"https:\/\/www.antikvariat-vodnik.si\/index.php?rest_route=%2Fwp%2Fv2%2Fproduct_cat&post=61040"},{"taxonomy":"product_tag","embeddable":true,"href":"https:\/\/www.antikvariat-vodnik.si\/index.php?rest_route=%2Fwp%2Fv2%2Fproduct_tag&post=61040"}],"curies":[{"name":"wp","href":"https:\/\/api.w.org\/{rel}","templated":true}]}}