{"id":59942,"date":"2024-11-05T13:51:37","date_gmt":"2024-11-05T12:51:37","guid":{"rendered":"https:\/\/www.antikvariat-vodnik.si\/?post_type=product&#038;p=59942"},"modified":"2024-11-05T13:51:40","modified_gmt":"2024-11-05T12:51:40","slug":"kmecko-branje-just-usaj-2","status":"publish","type":"product","link":"https:\/\/www.antikvariat-vodnik.si\/?product=kmecko-branje-just-usaj-2","title":{"rendered":"KME\u010cKO BRANJE, Just U\u0161aj"},"content":{"rendered":"<p>176 strani, mehka vezava, 20 cm, Gori\u0161ka matica, 1929, ohranjena letom primerno.<\/p>\n","protected":false},"excerpt":{"rendered":"<p>176 strani, mehka vezava, 20 cm, Gori\u0161ka matica, 1929, ohranjena letom primerno.<\/p>\n","protected":false},"featured_media":59943,"template":"","meta":{"_monsterinsights_skip_tracking":false,"_monsterinsights_sitenote_active":false,"_monsterinsights_sitenote_note":"","_monsterinsights_sitenote_category":0},"product_brand":[],"product_cat":[17,52,16,26,53],"product_tag":[],"class_list":{"0":"post-59942","1":"product","2":"type-product","3":"status-publish","4":"has-post-thumbnail","6":"product_cat-antikvarne-knjige","7":"product_cat-dom-vrt-rocna-dela","8":"product_cat-katalog-knjig","9":"product_cat-prirocniki-uporabne-vede-duhovnost","10":"product_cat-rastline-vrt-zivali","12":"first","13":"instock","14":"taxable","15":"shipping-taxable","16":"purchasable","17":"product-type-simple"},"jetpack_sharing_enabled":true,"_links":{"self":[{"href":"https:\/\/www.antikvariat-vodnik.si\/index.php?rest_route=\/wp\/v2\/product\/59942","targetHints":{"allow":["GET"]}}],"collection":[{"href":"https:\/\/www.antikvariat-vodnik.si\/index.php?rest_route=\/wp\/v2\/product"}],"about":[{"href":"https:\/\/www.antikvariat-vodnik.si\/index.php?rest_route=\/wp\/v2\/types\/product"}],"wp:featuredmedia":[{"embeddable":true,"href":"https:\/\/www.antikvariat-vodnik.si\/index.php?rest_route=\/wp\/v2\/media\/59943"}],"wp:attachment":[{"href":"https:\/\/www.antikvariat-vodnik.si\/index.php?rest_route=%2Fwp%2Fv2%2Fmedia&parent=59942"}],"wp:term":[{"taxonomy":"product_brand","embeddable":true,"href":"https:\/\/www.antikvariat-vodnik.si\/index.php?rest_route=%2Fwp%2Fv2%2Fproduct_brand&post=59942"},{"taxonomy":"product_cat","embeddable":true,"href":"https:\/\/www.antikvariat-vodnik.si\/index.php?rest_route=%2Fwp%2Fv2%2Fproduct_cat&post=59942"},{"taxonomy":"product_tag","embeddable":true,"href":"https:\/\/www.antikvariat-vodnik.si\/index.php?rest_route=%2Fwp%2Fv2%2Fproduct_tag&post=59942"}],"curies":[{"name":"wp","href":"https:\/\/api.w.org\/{rel}","templated":true}]}}